{"id":970,"date":"2024-03-11T22:13:20","date_gmt":"2024-03-12T03:13:20","guid":{"rendered":"https:\/\/m25laval.com\/?page_id=970"},"modified":"2025-05-05T11:46:02","modified_gmt":"2025-05-05T16:46:02","slug":"presidence-dhonneur-2024","status":"publish","type":"page","link":"https:\/\/m25laval.com\/fr\/presidence-dhonneur-2024\/","title":{"rendered":"Pr\u00e9sidence d&#8217;honneur 2024"},"content":{"rendered":"<div class=\"nolwrap\">\n<style type=\"text\/css\" data-created_by=\"avia_inline_auto\" id=\"style-css-av-lgljjcjj-70b436103d5d46123e0626411d888972\">\n#top .av_textblock_section.av-lgljjcjj-70b436103d5d46123e0626411d888972 .avia_textblock{\nfont-size:15px;\ncolor:#000000;\n}\n<\/style>\n<section  class='av_textblock_section av-lgljjcjj-70b436103d5d46123e0626411d888972'  itemscope=\"itemscope\" itemtype=\"https:\/\/schema.org\/CreativeWork\" ><div class='avia_textblock av_inherit_color'  itemprop=\"text\" ><h2><strong>Mot de la pr\u00e9sidente<img decoding=\"async\" loading=\"lazy\" class=\" wp-image-1441 alignright\" src=\"https:\/\/m25laval.com\/wp-content\/uploads\/2024\/03\/AW_1.1.2-94x300.jpg\" alt=\"\" width=\"201\" height=\"641\" srcset=\"https:\/\/m25laval.com\/wp-content\/uploads\/2024\/03\/AW_1.1.2-94x300.jpg 94w, https:\/\/m25laval.com\/wp-content\/uploads\/2024\/03\/AW_1.1.2-481x1536.jpg 481w, https:\/\/m25laval.com\/wp-content\/uploads\/2024\/03\/AW_1.1.2-641x2048.jpg 641w, https:\/\/m25laval.com\/wp-content\/uploads\/2024\/03\/AW_1.1.2-221x705.jpg 221w\" sizes=\"(max-width: 201px) 100vw, 201px\" \/> d&#8217;honneur<\/strong><\/h2>\n<p><span class=\"NormalTextRun SCXW25765653 BCX8\">C\u2019est avec <\/span><span class=\"NormalTextRun SCXW25765653 BCX8\">enthousiasme que j\u2019ai accept\u00e9 l\u2019invitation des organisateurs de la deuxi\u00e8me\u00a0<\/span><span class=\"NormalTextRun SCXW25765653 BCX8\">\u00e9dition <\/span><span class=\"NormalTextRun SCXW25765653 BCX8\">du tournoi M25 Laval d\u2019agir en tant que pr\u00e9sidente d\u2019honneur de ce grand \u00e9v\u00e9nement. <\/span><span class=\"NormalTextRun SCXW25765653 BCX8\">Ceux qui me connaissent savent que <\/span><span class=\"NormalTextRun SCXW25765653 BCX8\">j\u2019ai \u00e0 c\u0153ur <\/span><span class=\"NormalTextRun SCXW25765653 BCX8\">le tennis <\/span><span class=\"NormalTextRun SCXW25765653 BCX8\">et que je suis une passionn\u00e9e.<\/span><\/p>\n<p><span class=\"NormalTextRun SCXW251808267 BCX8\">Le tennis<\/span> <span class=\"NormalTextRun SCXW251808267 BCX8\">connait une croissance exceptionnelle<\/span><span class=\"NormalTextRun SCXW251808267 BCX8\">.<\/span> <span class=\"NormalTextRun SCXW251808267 BCX8\">On peut compter plusieurs millions de joueurs et adeptes de tennis \u00e0 travers le monde. C\u2019est un sport qui attire des joueurs de tout \u00e2ge et qui est appr\u00e9ci\u00e9 pour ses <\/span><span class=\"NormalTextRun SCXW251808267 BCX8\">volets <\/span><span class=\"NormalTextRun SCXW251808267 BCX8\">amicaux<\/span><span class=\"NormalTextRun SCXW251808267 BCX8\">, comp\u00e9titifs <\/span><span class=\"NormalTextRun SCXW251808267 BCX8\">et sociaux.<\/span> <span class=\"NormalTextRun SCXW251808267 BCX8\">La popularit\u00e9 grandissante du tennis est <\/span><span class=\"NormalTextRun SCXW251808267 BCX8\">remarquable <\/span><span class=\"NormalTextRun SCXW251808267 BCX8\">gr\u00e2ce<\/span> <span class=\"NormalTextRun SCXW251808267 BCX8\">\u00e0 <\/span><span class=\"NormalTextRun SCXW251808267 BCX8\">l\u2019organisation de tournois qui <\/span><span class=\"NormalTextRun SCXW251808267 BCX8\">font connaitre le sport et qui <\/span><span class=\"NormalTextRun SCXW251808267 BCX8\">contribue<\/span><span class=\"NormalTextRun SCXW251808267 BCX8\">nt<\/span> <span class=\"NormalTextRun SCXW251808267 BCX8\">au d\u00e9veloppement de <\/span><span class=\"NormalTextRun SCXW251808267 BCX8\">la <\/span><span class=\"NormalTextRun SCXW251808267 BCX8\">rel\u00e8ve<\/span><span class=\"NormalTextRun SCXW251808267 BCX8\">.<\/span><\/p>\n<p><span data-contrast=\"auto\">Je n\u2019ai donc pas h\u00e9sit\u00e9 \u00e0 \u00eatre ambassadrice du M25 Laval car sa mission principale est d\u2019offrir l\u2019occasion aux joueurs canadiens d\u2019accumuler des points et des bourses en minimisant les d\u00e9penses de d\u00e9placement. Ce tournoi qui en est \u00e0 sa deuxi\u00e8me \u00e9dition, permet d\u2019accueillir des joueurs professionnels de plusieurs pays, ce qui permet de faire rayonner Laval \u00e0 l\u2019international.\u00a0\u00a0<\/span><span data-ccp-props=\"{\">\u00a0<\/span><\/p>\n<p><span data-contrast=\"auto\">Je suis fi\u00e8re de faire partie de l\u2019\u00e9dition 2024 du M25 Laval puisque je suis une passionn\u00e9e qui a \u00e0 c\u0153ur de promouvoir la pratique du tennis aupr\u00e8s de joueurs de tous les niveaux. C\u2019est pourquoi, suite \u00e0 mes ann\u00e9es de tennis professionnel, j\u2019ai fond\u00e9 mon acad\u00e9mie, l\u2019Acad\u00e9mie de Tennis ALEKSANDRA WOZNIAK<\/span><span data-ccp-props=\"{\">\u00a0<\/span><\/p>\n<p><span data-contrast=\"auto\">Je suis fi\u00e8re de mon sport, de son essor, localement et \u00e0 l\u2019international.<\/span><span data-ccp-props=\"{\">\u00a0<\/span><\/p>\n<p><span data-contrast=\"auto\">Au grand plaisir de vous croiser \u00e0 ce grand \u00e9v\u00e9nement sportif.<\/span><span data-ccp-props=\"{\">\u00a0<\/span><\/p>\n<p><span data-contrast=\"auto\">Venez voir la rel\u00e8ve et bon tournoi!<\/span><span data-ccp-props=\"{\">\u00a0<\/span><\/p>\n<p><em><strong>Aleksandra Wozniak<\/strong><\/em><\/p>\n<p><b><span data-contrast=\"auto\">Ancienne joueuse professionnelle de la WTA.<\/span><\/b><span data-ccp-props=\"{\">\u00a0<\/span><br \/>\n<b><span data-contrast=\"auto\">Temple de la Renomm\u00e9e 2022<\/span><\/b><span data-ccp-props=\"{\">\u00a0<\/span><br \/>\n<b><span data-contrast=\"auto\">Pr\u00e9sidente d&#8217;honneur du Tournoi M25 Laval 2024<\/span><\/b><span data-ccp-props=\"{\">\u00a0<\/span><\/p>\n<p><br class=\"avia-permanent-lb\" \/><br class=\"avia-permanent-lb\" \/><strong><span class=\"TextRun SCXW201897325 BCX8\" lang=\"FR-CA\" xml:lang=\"FR-CA\" data-contrast=\"none\"><span class=\"NormalTextRun SCXW201897325 BCX8\">BIOGRAPHIE<\/span><\/span><span class=\"EOP SCXW201897325 BCX8\" data-ccp-props=\"{\"> <img decoding=\"async\" loading=\"lazy\" class=\"size-medium wp-image-1434 alignright\" src=\"https:\/\/m25laval.com\/wp-content\/uploads\/2024\/03\/AW_2-300x214.jpg\" alt=\"\" width=\"300\" height=\"214\" srcset=\"https:\/\/m25laval.com\/wp-content\/uploads\/2024\/03\/AW_2-300x214.jpg 300w, https:\/\/m25laval.com\/wp-content\/uploads\/2024\/03\/AW_2-260x185.jpg 260w, https:\/\/m25laval.com\/wp-content\/uploads\/2024\/03\/AW_2.jpg 586w\" sizes=\"(max-width: 300px) 100vw, 300px\" \/><\/span><\/strong><\/p>\n<p><span class=\"NormalTextRun SCXW198748616 BCX8\">Ancienne joueuse de la WTA, intronis\u00e9e au Temple de la Renomm\u00e9e en 2022, on <\/span><span class=\"NormalTextRun SCXW198748616 BCX8\">lui <\/span><span class=\"NormalTextRun SCXW198748616 BCX8\">attribue souvent le titre de \u00ab pionni\u00e8re \u00bb du tennis qu\u00e9b\u00e9cois.\u202f En 2008, <\/span><span class=\"NormalTextRun SCXW198748616 BCX8\">elle est<\/span><span class=\"NormalTextRun SCXW198748616 BCX8\"> devenue la premi\u00e8re Qu\u00e9b\u00e9coise \u00e0 remporter un tournoi de la WTA en remportant le titre de la West Bank <\/span><span class=\"NormalTextRun SpellingErrorV2Themed SCXW198748616 BCX8\">Classic<\/span><span class=\"NormalTextRun SCXW198748616 BCX8\">, \u00e0 Stanford. <\/span><span class=\"NormalTextRun SCXW198748616 BCX8\">Elle <\/span><span class=\"NormalTextRun SCXW198748616 BCX8\">avai<\/span><span class=\"NormalTextRun SCXW198748616 BCX8\">t<\/span><span class=\"NormalTextRun SCXW198748616 BCX8\"> alors remport\u00e9 huit matchs cons\u00e9cutifs, incluant des victoires contre Samantha <\/span><span class=\"NormalTextRun SpellingErrorV2Themed SCXW198748616 BCX8\">Stosur<\/span><span class=\"NormalTextRun SCXW198748616 BCX8\">, Francesca Schiavone, Serena Williams et Marion Bartoli.\u202f <\/span><span class=\"NormalTextRun SCXW198748616 BCX8\">Elle est <\/span><span class=\"NormalTextRun SCXW198748616 BCX8\">ensuite devenue la premi\u00e8re Canadienne de l\u2019histoire \u00e0 prendre part aux Jeux Olympiques en simple, aux Jeux de Londres en 2012.\u202f Cette m\u00eame ann\u00e9e, <\/span><span class=\"NormalTextRun SCXW198748616 BCX8\">elle a <\/span><span class=\"NormalTextRun SCXW198748616 BCX8\">atteint les quarts de finale de la Coupe Rogers \u00e0 Montr\u00e9al, exploit qui n\u2019avait pas \u00e9t\u00e9 accompli par une joueuse canadienne depuis plus de vingt ans.<\/span><\/p>\n<\/div><\/section>\n<\/div>","protected":false},"excerpt":{"rendered":"","protected":false},"author":8,"featured_media":0,"parent":0,"menu_order":0,"comment_status":"closed","ping_status":"closed","template":"","meta":{"om_disable_all_campaigns":false,"_monsterinsights_skip_tracking":false,"_monsterinsights_sitenote_active":false,"_monsterinsights_sitenote_note":"","_monsterinsights_sitenote_category":0,"_uf_show_specific_survey":0,"_uf_disable_surveys":false},"aioseo_notices":[],"_links":{"self":[{"href":"https:\/\/m25laval.com\/fr\/wp-json\/wp\/v2\/pages\/970"}],"collection":[{"href":"https:\/\/m25laval.com\/fr\/wp-json\/wp\/v2\/pages"}],"about":[{"href":"https:\/\/m25laval.com\/fr\/wp-json\/wp\/v2\/types\/page"}],"author":[{"embeddable":true,"href":"https:\/\/m25laval.com\/fr\/wp-json\/wp\/v2\/users\/8"}],"replies":[{"embeddable":true,"href":"https:\/\/m25laval.com\/fr\/wp-json\/wp\/v2\/comments?post=970"}],"version-history":[{"count":15,"href":"https:\/\/m25laval.com\/fr\/wp-json\/wp\/v2\/pages\/970\/revisions"}],"predecessor-version":[{"id":1795,"href":"https:\/\/m25laval.com\/fr\/wp-json\/wp\/v2\/pages\/970\/revisions\/1795"}],"wp:attachment":[{"href":"https:\/\/m25laval.com\/fr\/wp-json\/wp\/v2\/media?parent=970"}],"curies":[{"name":"wp","href":"https:\/\/api.w.org\/{rel}","templated":true}]}}