{"id":887,"date":"2023-03-04T13:14:04","date_gmt":"2023-03-04T18:14:04","guid":{"rendered":"https:\/\/m25laval.com\/?page_id=887"},"modified":"2025-12-31T14:57:36","modified_gmt":"2025-12-31T19:57:36","slug":"itf-2","status":"publish","type":"page","link":"https:\/\/m25laval.com\/fr\/itf-2\/","title":{"rendered":"ITF et M25 Laval"},"content":{"rendered":"<div class=\"nolwrap\"><p>\n<style type=\"text\/css\" data-created_by=\"avia_inline_auto\" id=\"style-css-av-xycjj-e4523f2154c33703d6d6cef13ee8f4ec\">\n.avia-section.av-xycjj-e4523f2154c33703d6d6cef13ee8f4ec{\nbackground-repeat:no-repeat;\nbackground-image:url(https:\/\/m25laval.com\/wp-content\/uploads\/2024\/01\/banner-header-ymer-2000.jpg);\nbackground-position:50% 50%;\nbackground-attachment:scroll;\n}\n.avia-section.av-xycjj-e4523f2154c33703d6d6cef13ee8f4ec .av-section-color-overlay{\nopacity:0.7;\nbackground-color:#010c3e;\n}\n<\/style>\n<div id='av_section_1'  class='avia-section av-xycjj-e4523f2154c33703d6d6cef13ee8f4ec main_color avia-section-default avia-no-border-styling  avia-builder-el-0  el_before_av_textblock  avia-builder-el-first  avia-bg-style-scroll av-section-color-overlay-active container_wrap sidebar_right'  data-section-bg-repeat='no-repeat'><div class=\"av-section-color-overlay-wrap\"><div class=\"av-section-color-overlay\"><\/div><div class='container av-section-cont-open' ><main  role=\"main\" itemprop=\"mainContentOfPage\"  class='template-page content  av-content-small alpha units'><div class='post-entry post-entry-type-page post-entry-887'><div class='entry-content-wrapper clearfix'>\n\n<style type=\"text\/css\" data-created_by=\"avia_inline_auto\" id=\"style-css-av-ssxdz-86878ac21976d7fa8e2d9fe6d520254f\">\n#top .hr.hr-invisible.av-ssxdz-86878ac21976d7fa8e2d9fe6d520254f{\nheight:50px;\n}\n<\/style>\n<div  class='hr av-ssxdz-86878ac21976d7fa8e2d9fe6d520254f hr-invisible  avia-builder-el-1  el_before_av_heading  avia-builder-el-first '><span class='hr-inner '><span class=\"hr-inner-style\"><\/span><\/span><\/div>\n\n<style type=\"text\/css\" data-created_by=\"avia_inline_auto\" id=\"style-css-av-ls2prlyi-7881c67a3ba762c37a319412e1645ccd\">\n#top .av-special-heading.av-ls2prlyi-7881c67a3ba762c37a319412e1645ccd{\npadding-bottom:10px;\ncolor:#ffffff;\n}\nbody .av-special-heading.av-ls2prlyi-7881c67a3ba762c37a319412e1645ccd .av-special-heading-tag .heading-char{\nfont-size:25px;\n}\n.av-special-heading.av-ls2prlyi-7881c67a3ba762c37a319412e1645ccd .special-heading-inner-border{\nborder-color:#ffffff;\n}\n.av-special-heading.av-ls2prlyi-7881c67a3ba762c37a319412e1645ccd .av-subheading{\nfont-size:15px;\n}\n<\/style>\n<div  class='av-special-heading av-ls2prlyi-7881c67a3ba762c37a319412e1645ccd av-special-heading-h1 custom-color-heading blockquote modern-quote  avia-builder-el-2  el_after_av_hr  el_before_av_hr '><h1 class='av-special-heading-tag'  itemprop=\"headline\"  >\u00c0 propos du \u00ab ITF World Tennis Tour \u00bb et du tournoi<\/h1><div class=\"special-heading-border\"><div class=\"special-heading-inner-border\"><\/div><\/div><\/div>\n\n<style type=\"text\/css\" data-created_by=\"avia_inline_auto\" id=\"style-css-av-m4z9r-5b0885720a271defea032521ac6965ab\">\n#top .hr.hr-invisible.av-m4z9r-5b0885720a271defea032521ac6965ab{\nheight:50px;\n}\n<\/style>\n<div  class='hr av-m4z9r-5b0885720a271defea032521ac6965ab hr-invisible  avia-builder-el-3  el_after_av_heading  avia-builder-el-last '><span class='hr-inner '><span class=\"hr-inner-style\"><\/span><\/span><\/div>\n<\/div><\/div><\/main><!-- close content main element --><\/div><\/div><\/div><div id='after_section_1'  class='main_color av_default_container_wrap container_wrap sidebar_right'  ><div class='container av-section-cont-open' ><div class='template-page content  av-content-small alpha units'><div class='post-entry post-entry-type-page post-entry-887'><div class='entry-content-wrapper clearfix'><\/p>\n\n<style type=\"text\/css\" data-created_by=\"avia_inline_auto\" id=\"style-css-av-leubz4cx-383ef5d72d888b737d83312d6ec308f2\">\n#top .av_textblock_section.av-leubz4cx-383ef5d72d888b737d83312d6ec308f2 .avia_textblock{\nfont-size:15px;\ncolor:#000000;\n}\n<\/style>\n<section  class='av_textblock_section av-leubz4cx-383ef5d72d888b737d83312d6ec308f2'  itemscope=\"itemscope\" itemtype=\"https:\/\/schema.org\/CreativeWork\" ><div class='avia_textblock av_inherit_color'  itemprop=\"text\" ><p><strong>ITF WORLD TENNIS TOUR<\/strong><\/p>\n<p>L\u2019International Tennis Federation (ITF) est l\u2019instance dirigeante mondiale du tennis et comporte 210 membres dont Tennis Canada. Elle est responsable de la croissance du sport \u00e0 l\u2019\u00e9chelle mondiale et fait la gestion de 6 circuits et plus de 3000 tournois.<\/p>\n<p>L&#8217;ITF a cr\u00e9\u00e9 en 2019 le nouveau circuit de l&#8217;ITF, &#8220;ITF World Tennis Tour&#8221; dont le r\u00f4le est d&#8217;agir comme lien entre les joueurs de tennis juniors et le circuit professionnel.<\/p>\n<p>Premi\u00e8rement, le circuit r\u00e9partit les dotations afin qu&#8217;un plus grand nombre de joueurs puissent vivre de leur sport. Ensuite, de nouveaux pays accueilleront des tournois, afin de permettre aux athl\u00e8tes de profiter d&#8217;un plus grand nombre de comp\u00e9titions locales. Enfin, ce circuit s&#8217;int\u00e9grera \u00e0 une structure internationale qui comprend ITF, ATP et WTA.<\/p>\n<p>Les r\u00e9sultats des tournois ITF sont int\u00e9gr\u00e9s au classement de l&#8217;Association of Tennis Professionals (ATP), qui permet aux professionnels de progresser vers l&#8217;ATP Challenger Tour et l&#8217;ATP Tour, et finalement les Grands Chelems. Le Tour propose environ 550 tournois dans 70 pays et int\u00e8gre deux niveaux de prix de tournois : 15 000 $ et 30 000 $.<\/p>\n<\/div><\/section>\n\n<style type=\"text\/css\" data-created_by=\"avia_inline_auto\" id=\"style-css-av-d8fx3-b4dcba5174903d577d2ba8eae28100b7\">\n#top .av_textblock_section.av-d8fx3-b4dcba5174903d577d2ba8eae28100b7 .avia_textblock{\nfont-size:15px;\ncolor:#000000;\n}\n<\/style>\n<section  class='av_textblock_section av-d8fx3-b4dcba5174903d577d2ba8eae28100b7'  itemscope=\"itemscope\" itemtype=\"https:\/\/schema.org\/CreativeWork\" ><div class='avia_textblock av_inherit_color'  itemprop=\"text\" ><p><strong>LE TOURNOI M25 LAVAL<\/strong><\/p>\n<p>La Ville de Laval aura le plaisir d\u2019offrir la <strong>quatri\u00e8me \u00e9dition<\/strong> de son tournoi de tennis professionnel international qui aura lieu du <strong>5 au 12 juillet 2026<\/strong>. Le tournoi M25 Laval comprendra des joueurs masculins class\u00e9s entre la 200<sup>e<\/sup> et la 1000<sup>e<\/sup> place au classement mondial.<\/p>\n<p>Ce tournoi attirera les joueurs qu\u00e9b\u00e9cois et canadiens mais recevra \u00e9galement des athl\u00e8tes provenant de plusieurs pays \u00e0 travers le monde. Ce sera une occasion unique d\u2019assurer un rayonnement \u00e0 l\u2019international car outre les joueurs, les \u00e9quipes de soutien ainsi que les familles seront \u00e9galement pr\u00e9sentes dans certains cas.<\/p>\n<p>De concert avec Tennis Canada, le tournoi M25 Laval offrira donc pour une deuxi\u00e8me ann\u00e9e ce tournoi professionnel international qui se tiendra au Centre de Tennis St-Victor. Cette comp\u00e9tition comportera une bourse de 30 000$ US qui permettra aux champions et finalistes de gagner des points ITF et ATP.<\/p>\n<ul>\n<li>Tableau de qualification: 32 joueurs<\/li>\n<li>Tableau principal (simple): 32 joueurs<\/li>\n<li>Tableau du double: Plus de 16 \u00e9quipes<\/li>\n<\/ul>\n<\/div><\/section>\n\n<style type=\"text\/css\" data-created_by=\"avia_inline_auto\" id=\"style-css-av-7ez0v-87c6a454c5069faba687341f248c3281\">\n#top .av_textblock_section.av-7ez0v-87c6a454c5069faba687341f248c3281 .avia_textblock{\nfont-size:15px;\ncolor:#000000;\n}\n<\/style>\n<section  class='av_textblock_section av-7ez0v-87c6a454c5069faba687341f248c3281'  itemscope=\"itemscope\" itemtype=\"https:\/\/schema.org\/CreativeWork\" ><div class='avia_textblock av_inherit_color'  itemprop=\"text\" ><p>Pour l\u2019organisation du Tournoi M25 Laval, sa mission principale vise \u00e0 offrir \u00e0 nos athl\u00e8tes qu\u00e9b\u00e9cois et canadiens de participer \u00e0 un tournoi de niveau international sur le territoire lavallois, de promouvoir la pratique tennistique aupr\u00e8s des citoyens de la r\u00e9gion lavalloise et d\u2019assurer un environnement festif tout au long du tournoi.<\/p>\n<p><strong>Offrir un acc\u00e8s local \u00e0 un tournoi de calibre international<\/strong><\/p>\n<p>En effet, il est difficile pour nos jeunes joueurs et joueuses de talent de d\u00e9crocher des points au classement de l\u2019ITF et de l\u2019ATP.\u00a0 D\u2019une part, les tournois ont lieu \u00e0 l\u2019\u00e9tranger et les co\u00fbts pour y participer sont prohibitifs (vols, h\u00f4tels, nourriture, entra\u00eeneurs, etc.), mais surtout les joueurs canadiens qui n&#8217;ont pas le classement requis ne peuvent participer et ne b\u00e9n\u00e9ficient pas de laissez-passer pour acc\u00e9der directement \u00e0 ces comp\u00e9titions. Le tournoi M25 Laval sera sans aucun doute un v\u00e9ritable tremplin pour nos athl\u00e8tes et fera briller Laval dans la communaut\u00e9 sportive internationale.<\/p>\n<p>Il est \u00e9galement int\u00e9ressant de constater que nos joueurs canadiens profitent de tournois d\u2019entr\u00e9e comme le M25 pour se propulser sur les tournois de plus grandes \u00e9chelles, tels le Challenger (Granby, Drummondville, Toronto, etc.) et ATP 250 ou 500.<\/p>\n<p>Il s\u2019agit d\u2019un formidable atout, un raccourci en quelque sorte, pour nos athl\u00e8tes afin de les aider \u00e0 obtenir les fameux points ATP et donc un meilleur classement, mais \u00e9galement de prendre de l\u2019exp\u00e9rience en comp\u00e9tition de niveau internationale. Fait important \u00e0 noter, plus de la moiti\u00e9 des joueurs qualifi\u00e9s (sur 32) pour la premi\u00e8re \u00e9dition en 2023 \u00e9taient de provenance canadienne.<\/p>\n<p><strong>Promouvoir la pratique du tennis<\/strong><\/p>\n<p>Le tennis gagne en popularit\u00e9. Les Internationaux de tennis du Canada, disput\u00e9s annuellement \u00e0 Montr\u00e9al, ne cessent de fracasser des records de foule. Cela d\u00e9montre bien la popularit\u00e9 grandissante de ce sport. En faits, le tennis est le 2<sup>e<\/sup> sport le plus populaire au Qu\u00e9bec, apr\u00e8s le hockey selon une \u00e9tude de Tennis Canada. C,est \u00e9galement le 5e sport le plus populaire au Canada.<\/p>\n<p>Quoi de plus motivant pour nos jeunes de suivre la feuille de route de nos athl\u00e8tes qu\u00e9b\u00e9cois et canadiens. En effet, les prestations de certains de nos athl\u00e8tes tel que\u00a0 la lavalloise Leylah Annie Fernandez, de Bianca Andreescu, ainsi que le lavallois Alexis Galarneau, de F\u00e9lix Auger-Aliassime, Denis Shapovalov et Vacek Pospisil contribuent grandement \u00e0 g\u00e9n\u00e9rer un essor \u00e0 ce sport.<\/p>\n<p>De plus, les r\u00e9centes performances inspirantes des \u00e9quipe canadiennes masculines et f\u00e9minines qui ont \u00e9t\u00e9 respectivement couronn\u00e9s champions mondiaux de la Coupe Davis 2022 et de la Coupe Billie Jean King 2023\u00a0ont g\u00e9n\u00e9r\u00e9 un engouement pour la pratique de ce sport.<\/p>\n<p><img decoding=\"async\" loading=\"lazy\" class=\"wp-image-1381 aligncenter\" src=\"https:\/\/m25laval.com\/wp-content\/uploads\/2024\/02\/Winner-BJean-Cup-300x200.jpg\" alt=\"\" width=\"296\" height=\"198\" srcset=\"https:\/\/m25laval.com\/wp-content\/uploads\/2024\/02\/Winner-BJean-Cup-300x200.jpg 300w, https:\/\/m25laval.com\/wp-content\/uploads\/2024\/02\/Winner-BJean-Cup-1030x687.jpg 1030w, https:\/\/m25laval.com\/wp-content\/uploads\/2024\/02\/Winner-BJean-Cup-768x512.jpg 768w, https:\/\/m25laval.com\/wp-content\/uploads\/2024\/02\/Winner-BJean-Cup-1536x1024.jpg 1536w, https:\/\/m25laval.com\/wp-content\/uploads\/2024\/02\/Winner-BJean-Cup-1500x1000.jpg 1500w, https:\/\/m25laval.com\/wp-content\/uploads\/2024\/02\/Winner-BJean-Cup-705x470.jpg 705w, https:\/\/m25laval.com\/wp-content\/uploads\/2024\/02\/Winner-BJean-Cup.jpg 1920w\" sizes=\"(max-width: 296px) 100vw, 296px\" \/><\/p>\n<p>En amenant du tennis professionnel dans la r\u00e9gion lavalloise, le Tournoi M25 Laval stimulera le d\u00e9veloppement de nos jeunes athl\u00e8tes et fera d\u00e9couvrir le sport \u00e0 la communaut\u00e9.<\/p>\n<p><strong>Offrir un \u00e9v\u00e9nement festif<\/strong><\/p>\n<p>La pratique sportive est certainement l\u2019\u00e9l\u00e9ment moteur implicite de notre mission. Nous consid\u00e9rons que la tenue d\u2019un tournoi sportif aura des r\u00e9percussions positives sur l\u2019activit\u00e9 physique de la population lavalloise.<\/p>\n<p>Outre la tenue du tournoi et des activit\u00e9s compl\u00e9mentaires, nous avons \u00e9galement comme objectif de faire de cette semaine un \u00e9v\u00e9nement festif pour tous les r\u00e9sidents de la r\u00e9gion lavalloise. En effet, nous consid\u00e9rons que la semaine du tournoi devrait \u00eatre une belle occasion pour les passionn\u00e9s et non amateurs de tennis de se rencontrer pour faire la f\u00eate.<\/p>\n<p>Entre autres, nous organisons une f\u00eate de quartier le premier dimanche de l&#8217;\u00e9v\u00e8nement\u00a0qui comportera des activit\u00e9s de toutes sortes pour les familles lavalloises. Ainsi, cette f\u00eate g\u00e9n\u00e8re une nouvelle dynamique de quartier car elle permet aux voisins de faire connaissance dans une atmosph\u00e8re conviviale et informelle.<\/p>\n<p>Nous allons \u00e9galement organiser des rencontres th\u00e9matiques en mode 5 \u00e0 7. Nous comptons impliquer des acteurs de la communaut\u00e9 d\u2019affaires lavalloise afin de promouvoir le r\u00e9seautage durant la semaine du tournoi.<\/p>\n<p>Nous profiterons \u00e9galement de l\u2019occasion pour faciliter le transport durant quelques journ\u00e9es pour des jeunes provenant de camps de jour lavallois et organiser des activit\u00e9s ainsi que le visionnement de matchs de tennis. Le tout sera offert gracieusement par l\u2019organisation du M25 Laval.<\/p>\n<\/div><\/section>\n<p><div class='flex_column av-r944n-195c556bde7287542a50255601f28e46 av_one_half  avia-builder-el-7  el_after_av_textblock  avia-builder-el-last  first flex_column_div column-top-margin'     ><\/div><\/p>\n<\/div>","protected":false},"excerpt":{"rendered":"","protected":false},"author":2,"featured_media":0,"parent":0,"menu_order":0,"comment_status":"closed","ping_status":"closed","template":"","meta":{"om_disable_all_campaigns":false,"_monsterinsights_skip_tracking":false,"_monsterinsights_sitenote_active":false,"_monsterinsights_sitenote_note":"","_monsterinsights_sitenote_category":0,"_uf_show_specific_survey":0,"_uf_disable_surveys":false},"aioseo_notices":[],"_links":{"self":[{"href":"https:\/\/m25laval.com\/fr\/wp-json\/wp\/v2\/pages\/887"}],"collection":[{"href":"https:\/\/m25laval.com\/fr\/wp-json\/wp\/v2\/pages"}],"about":[{"href":"https:\/\/m25laval.com\/fr\/wp-json\/wp\/v2\/types\/page"}],"author":[{"embeddable":true,"href":"https:\/\/m25laval.com\/fr\/wp-json\/wp\/v2\/users\/2"}],"replies":[{"embeddable":true,"href":"https:\/\/m25laval.com\/fr\/wp-json\/wp\/v2\/comments?post=887"}],"version-history":[{"count":33,"href":"https:\/\/m25laval.com\/fr\/wp-json\/wp\/v2\/pages\/887\/revisions"}],"predecessor-version":[{"id":1906,"href":"https:\/\/m25laval.com\/fr\/wp-json\/wp\/v2\/pages\/887\/revisions\/1906"}],"wp:attachment":[{"href":"https:\/\/m25laval.com\/fr\/wp-json\/wp\/v2\/media?parent=887"}],"curies":[{"name":"wp","href":"https:\/\/api.w.org\/{rel}","templated":true}]}}