{"id":882,"date":"2023-03-03T10:32:04","date_gmt":"2023-03-03T15:32:04","guid":{"rendered":"https:\/\/m25laval.com\/?page_id=882"},"modified":"2026-04-20T23:29:13","modified_gmt":"2026-04-21T04:29:13","slug":"partenaires-2","status":"publish","type":"page","link":"https:\/\/m25laval.com\/fr\/partenaires-2\/","title":{"rendered":"Partenaires"},"content":{"rendered":"<div class=\"nolwrap\"><p>\n<style type=\"text\/css\" data-created_by=\"avia_inline_auto\" id=\"style-css-av-ls24q71d-a05cb32da23046b2a3a813ea2bba7d48\">\n#top .av-special-heading.av-ls24q71d-a05cb32da23046b2a3a813ea2bba7d48{\npadding-bottom:10px;\n}\nbody .av-special-heading.av-ls24q71d-a05cb32da23046b2a3a813ea2bba7d48 .av-special-heading-tag .heading-char{\nfont-size:25px;\n}\n.av-special-heading.av-ls24q71d-a05cb32da23046b2a3a813ea2bba7d48 .av-subheading{\nfont-size:15px;\n}\n<\/style>\n<div  class='av-special-heading av-ls24q71d-a05cb32da23046b2a3a813ea2bba7d48 av-special-heading-h1 blockquote modern-quote  avia-builder-el-0  el_before_av_two_third  avia-builder-el-first '><h1 class='av-special-heading-tag'  itemprop=\"headline\"  >NOS PARTENAIRES DE L\u2019\u00c9DITION 2025<\/h1><div class=\"special-heading-border\"><div class=\"special-heading-inner-border\"><\/div><\/div><\/div><\/p>\n<div class='flex_column av-dekle-49bf4932929d558ea77eb1f6ec7aed4e av_two_third  avia-builder-el-1  el_after_av_heading  el_before_av_one_third  first flex_column_div '     ><style type=\"text\/css\" data-created_by=\"avia_inline_auto\" id=\"style-css-av-ls24qyet-fc5b27127d30b81fc684ad7ebb40ba09\">\n#top .av_textblock_section.av-ls24qyet-fc5b27127d30b81fc684ad7ebb40ba09 .avia_textblock{\nfont-size:15px;\n}\n<\/style>\n<section  class='av_textblock_section av-ls24qyet-fc5b27127d30b81fc684ad7ebb40ba09'  itemscope=\"itemscope\" itemtype=\"https:\/\/schema.org\/CreativeWork\" ><div class='avia_textblock'  itemprop=\"text\" ><p>Sans nos partenaires, cet \u00e9v\u00e9nement ne pourrait avoir lieu.<\/p>\n<p>N&#8217;h\u00e9sitez pas \u00e0 les encourager car ils sont investis dans notre communaut\u00e9.<\/p>\n<\/div><\/section><\/div>\n<div class='flex_column av-8t9z6-47d9ed2d5adf648f814dd967b50babde av_one_third  avia-builder-el-3  el_after_av_two_third  el_before_av_image  flex_column_div '     ><div  class='avia-button-wrap av-lfzv2d0z-a5b44c9f782f101edddc59312df332c9-wrap avia-button-right  avia-builder-el-4  avia-builder-el-no-sibling '><a href='https:\/\/m25laval.com\/fr\/partenaires-2\/devenez-partenaires\/'  class='avia-button av-lfzv2d0z-a5b44c9f782f101edddc59312df332c9 avia-icon_select-no avia-size-x-large avia-position-right avia-color-theme-color'  target=\"_blank\"  rel=\"noopener noreferrer\" ><span class='avia_iconbox_title' >Devenez partenaire<\/span><\/a><\/div><\/div>\n\n<style type=\"text\/css\" data-created_by=\"avia_inline_auto\" id=\"style-css-av-ls24voxa-b94334f9d59d62c53fc5667d8553a0b5\">\n.avia-image-container.av-ls24voxa-b94334f9d59d62c53fc5667d8553a0b5 img.avia_image{\nbox-shadow:none;\n}\n.avia-image-container.av-ls24voxa-b94334f9d59d62c53fc5667d8553a0b5 .av-image-caption-overlay-center{\ncolor:#ffffff;\n}\n<\/style>\n<div  class='avia-image-container av-ls24voxa-b94334f9d59d62c53fc5667d8553a0b5 av-styling- avia-align-center  avia-builder-el-5  el_after_av_one_third  el_before_av_hr '   itemprop=\"image\" itemscope=\"itemscope\" itemtype=\"https:\/\/schema.org\/ImageObject\" ><div class=\"avia-image-container-inner\"><div class=\"avia-image-overlay-wrap\"><img decoding=\"async\" class='wp-image-1977 avia-img-lazy-loading-not-1977 avia_image ' src=\"https:\/\/m25laval.com\/wp-content\/uploads\/2026\/04\/Partenaires-772x1030.jpg\" alt='' title='Partenaires'  height=\"1030\" width=\"772\"  itemprop=\"thumbnailUrl\" srcset=\"https:\/\/m25laval.com\/wp-content\/uploads\/2026\/04\/Partenaires-772x1030.jpg 772w, https:\/\/m25laval.com\/wp-content\/uploads\/2026\/04\/Partenaires-225x300.jpg 225w, https:\/\/m25laval.com\/wp-content\/uploads\/2026\/04\/Partenaires-768x1024.jpg 768w, https:\/\/m25laval.com\/wp-content\/uploads\/2026\/04\/Partenaires-529x705.jpg 529w, https:\/\/m25laval.com\/wp-content\/uploads\/2026\/04\/Partenaires.jpg 959w\" sizes=\"(max-width: 772px) 100vw, 772px\" \/><\/div><\/div><\/div>\n<p>\n<style type=\"text\/css\" data-created_by=\"avia_inline_auto\" id=\"style-css-av-ls24wog1-c7ee41e4173b6fe955cb2ff7cc19c494\">\n#top .hr.hr-invisible.av-ls24wog1-c7ee41e4173b6fe955cb2ff7cc19c494{\nheight:75px;\n}\n<\/style>\n<div  class='hr av-ls24wog1-c7ee41e4173b6fe955cb2ff7cc19c494 hr-invisible  avia-builder-el-6  el_after_av_image  avia-builder-el-last '><span class='hr-inner '><span class=\"hr-inner-style\"><\/span><\/span><\/div><\/p>\n<\/div>","protected":false},"excerpt":{"rendered":"","protected":false},"author":5,"featured_media":0,"parent":0,"menu_order":0,"comment_status":"closed","ping_status":"closed","template":"","meta":{"om_disable_all_campaigns":false,"_monsterinsights_skip_tracking":false,"_monsterinsights_sitenote_active":false,"_monsterinsights_sitenote_note":"","_monsterinsights_sitenote_category":0,"_uf_show_specific_survey":0,"_uf_disable_surveys":false},"aioseo_notices":[],"_links":{"self":[{"href":"https:\/\/m25laval.com\/fr\/wp-json\/wp\/v2\/pages\/882"}],"collection":[{"href":"https:\/\/m25laval.com\/fr\/wp-json\/wp\/v2\/pages"}],"about":[{"href":"https:\/\/m25laval.com\/fr\/wp-json\/wp\/v2\/types\/page"}],"author":[{"embeddable":true,"href":"https:\/\/m25laval.com\/fr\/wp-json\/wp\/v2\/users\/5"}],"replies":[{"embeddable":true,"href":"https:\/\/m25laval.com\/fr\/wp-json\/wp\/v2\/comments?post=882"}],"version-history":[{"count":136,"href":"https:\/\/m25laval.com\/fr\/wp-json\/wp\/v2\/pages\/882\/revisions"}],"predecessor-version":[{"id":1978,"href":"https:\/\/m25laval.com\/fr\/wp-json\/wp\/v2\/pages\/882\/revisions\/1978"}],"wp:attachment":[{"href":"https:\/\/m25laval.com\/fr\/wp-json\/wp\/v2\/media?parent=882"}],"curies":[{"name":"wp","href":"https:\/\/api.w.org\/{rel}","templated":true}]}}