{"id":877,"date":"2023-03-03T10:23:01","date_gmt":"2023-03-03T15:23:01","guid":{"rendered":"https:\/\/m25laval.com\/?page_id=877"},"modified":"2026-02-16T21:16:34","modified_gmt":"2026-02-17T02:16:34","slug":"un-evenement-pour-la-famille","status":"publish","type":"page","link":"https:\/\/m25laval.com\/fr\/un-evenement-pour-la-famille\/","title":{"rendered":"Un \u00e9v\u00e9nement pour la famille"},"content":{"rendered":"<div class=\"nolwrap\"><p>\n<style type=\"text\/css\" data-created_by=\"avia_inline_auto\" id=\"style-css-av-10jti5-05a5970eae59a9a44ed17a9bb212cbbb\">\n.avia-section.av-10jti5-05a5970eae59a9a44ed17a9bb212cbbb{\nbackground-color:#16a6e8;\nbackground:linear-gradient( to bottom right, #16a6e8, #000037 );\n}\n.avia-section.av-10jti5-05a5970eae59a9a44ed17a9bb212cbbb .av-extra-border-element .av-extra-border-inner{\nbackground-color:#ffffff;\n}\n<\/style>\n<div id='famille'  class='avia-section av-10jti5-05a5970eae59a9a44ed17a9bb212cbbb header_color avia-section-huge avia-no-border-styling  avia-builder-el-0  avia-builder-el-no-sibling  avia-bg-style-scroll av-minimum-height av-minimum-height-50  container_wrap sidebar_right'   data-av_minimum_height_pc='50'><div class='container av-section-cont-open' ><main  role=\"main\" itemprop=\"mainContentOfPage\"  class='template-page content  av-content-small alpha units'><div class='post-entry post-entry-type-page post-entry-877'><div class='entry-content-wrapper clearfix'>\n\n<style type=\"text\/css\" data-created_by=\"avia_inline_auto\" id=\"style-css-av-zbkwt-f2df525614e386d86c4b47732f2d4605\">\n.flex_column.av-zbkwt-f2df525614e386d86c4b47732f2d4605{\n-webkit-border-radius:0px 0px 0px 0px;\n-moz-border-radius:0px 0px 0px 0px;\nborder-radius:0px 0px 0px 0px;\npadding:0px 0px 0px 0px;\n}\n<\/style>\n<div class='flex_column av-zbkwt-f2df525614e386d86c4b47732f2d4605 av_three_fifth  avia-builder-el-1  el_before_av_two_fifth  avia-builder-el-first  first flex_column_div av-animated-generic pop-up av-zero-column-padding '     ><p>\n<style type=\"text\/css\" data-created_by=\"avia_inline_auto\" id=\"style-css-av-oshj9-768fb5a26f5b9984adf4eb48ffb12b50\">\n#top .av-special-heading.av-oshj9-768fb5a26f5b9984adf4eb48ffb12b50{\nmargin:0 0 0 0;\npadding-bottom:20px;\nfont-size:53px;\n}\nbody .av-special-heading.av-oshj9-768fb5a26f5b9984adf4eb48ffb12b50 .av-special-heading-tag .heading-char{\nfont-size:25px;\n}\n#top #wrap_all .av-special-heading.av-oshj9-768fb5a26f5b9984adf4eb48ffb12b50 .av-special-heading-tag{\nfont-size:53px;\n}\n.av-special-heading.av-oshj9-768fb5a26f5b9984adf4eb48ffb12b50 .av-subheading{\nfont-size:23px;\n}\n\n@media only screen and (min-width: 480px) and (max-width: 767px){ \n#top #wrap_all .av-special-heading.av-oshj9-768fb5a26f5b9984adf4eb48ffb12b50 .av-special-heading-tag{\nfont-size:0.8em;\n}\n}\n\n@media only screen and (max-width: 479px){ \n#top #wrap_all .av-special-heading.av-oshj9-768fb5a26f5b9984adf4eb48ffb12b50 .av-special-heading-tag{\nfont-size:0.8em;\n}\n}\n<\/style>\n<div  class='av-special-heading av-oshj9-768fb5a26f5b9984adf4eb48ffb12b50 av-special-heading-h3 blockquote modern-quote  avia-builder-el-2  el_before_av_textblock  avia-builder-el-first  av-inherit-size av-linked-heading'><h3 class='av-special-heading-tag'  itemprop=\"headline\"  >Un \u00e9v\u00e9nement pour toute la famille<\/h3><div class=\"special-heading-border\"><div class=\"special-heading-inner-border\"><\/div><\/div><\/div><br \/>\n\n<style type=\"text\/css\" data-created_by=\"avia_inline_auto\" id=\"style-css-av-lf0lx6yb-6a899665d75bbe9a7244cdf43d3766d8\">\n#top .av_textblock_section.av-lf0lx6yb-6a899665d75bbe9a7244cdf43d3766d8 .avia_textblock{\nfont-size:18px;\n}\n<\/style>\n<section  class='av_textblock_section av-lf0lx6yb-6a899665d75bbe9a7244cdf43d3766d8'  itemscope=\"itemscope\" itemtype=\"https:\/\/schema.org\/CreativeWork\" ><div class='avia_textblock'  itemprop=\"text\" ><p>C&#8217;est du <strong>5 au 12 juillet<\/strong> prochain que la <strong>quatri\u00e8me \u00e9dition<\/strong> du M25 Laval se d\u00e9roulera au Centre de Tennis St-Victor. Tout au long de la semaine, vous pourrez venir encourager nos joueurs locaux ainsi que les autres participants internationaux.<\/p>\n<p>Bien s\u00fbr, cet \u00e9v\u00e9nement est tout d&#8217;abord un rassemblement sportif pour les amateurs de tennis. Nous voulons toutefois profiter de l&#8217;occasion pour c\u00e9l\u00e9brer et attirer les familles avec d&#8217;autres activit\u00e9s. C&#8217;est dans cet esprit qu&#8217;il nous fait plaisir de convier les familles lavalloises \u00e0 une <strong>f\u00eate d&#8217;ouverture qui aura lieu le dimanche 5 juillet<\/strong>. Lors de cet \u00e9v\u00e9nement, toute la famille pourra profiter\u00a0 de plusieurs activit\u00e9s organis\u00e9es sur le site du tournoi. Nous pr\u00e9voyons y offrir des cliniques de tennis et organiser divers jeux pour tous. Bien que la programmation ne sera pas d\u00e9voil\u00e9e avant quelques semaines, nous pouvons d\u00e9j\u00e0 annoncer qu&#8217;on y retrouvera \u00e9galement des jeux gonflables, des ateliers et de l&#8217;animation pour le plaisir des petits. Ce sera une occasion unique de rassembler les familles lavalloises dans un contexte de c\u00e9l\u00e9bration.<\/p>\n<p>Finalement, afin de faire profiter tous les amateurs de tennis, il nous fait plaisir d&#8217;offrir\u00a0 l&#8217;acc\u00e8s au site et aux matchs gratuitement durant la journ\u00e9e du dimanche au vendredi. Des billets viennent d&#8217;\u00eatre mis en vente pour les sessions de soir\u00e9e ainsi que pour les finales du tournoi.<\/p>\n<p>H\u00e2tez-vous pour acqu\u00e9rir vos billets via notre site web en cliquant sur le bouton &#8220;Billetterie&#8221;.<\/p>\n<p>Au plaisir de vous rencontrer!<\/p>\n<\/div><\/section><br \/>\n\n<style type=\"text\/css\" data-created_by=\"avia_inline_auto\" id=\"style-css-av-izdr9-6b65222b95b2594b8686f5e34af5401b\">\n#top .hr.hr-invisible.av-izdr9-6b65222b95b2594b8686f5e34af5401b{\nheight:50px;\n}\n<\/style>\n<div  class='hr av-izdr9-6b65222b95b2594b8686f5e34af5401b hr-invisible  avia-builder-el-4  el_after_av_textblock  el_before_av_button '><span class='hr-inner '><span class=\"hr-inner-style\"><\/span><\/span><\/div><br \/>\n<div  class='avia-button-wrap av-lf0lxxtr-0d84b0a4f787ec840329126ab4e19a87-wrap avia-button-center  avia-builder-el-5  el_after_av_hr  avia-builder-el-last '>\n<style type=\"text\/css\" data-created_by=\"avia_inline_auto\" id=\"style-css-av-lf0lxxtr-0d84b0a4f787ec840329126ab4e19a87\">\n#top #wrap_all .avia-button.av-lf0lxxtr-0d84b0a4f787ec840329126ab4e19a87{\nbackground-color:#f06877;\nborder-color:#f06877;\n-webkit-transition:all 0.4s ease-in-out;\n-moz-transition:all 0.4s ease-in-out;\n-ms-transition:all 0.4s ease-in-out;\n-o-transition:all 0.4s ease-in-out;\ntransition:all 0.4s ease-in-out;\n}\n#top #wrap_all .avia-button.av-lf0lxxtr-0d84b0a4f787ec840329126ab4e19a87:hover{\nbackground-color:#efa5ae;\ncolor:white;\n-webkit-transition:all 0.4s ease-in-out;\n-moz-transition:all 0.4s ease-in-out;\n-ms-transition:all 0.4s ease-in-out;\n-o-transition:all 0.4s ease-in-out;\ntransition:all 0.4s ease-in-out;\n}\n<\/style>\n<a href='https:\/\/m25laval.com\/fr\/billets\/'  class='avia-button av-lf0lxxtr-0d84b0a4f787ec840329126ab4e19a87 avia-icon_select-no avia-size-large avia-position-center avia-font-color-white'  ><span class='avia_iconbox_title' >Billetterie<\/span><\/a><\/div><\/p><\/div>\n<style type=\"text\/css\" data-created_by=\"avia_inline_auto\" id=\"style-css-av-duwjx-a1782376facf2268f117f9d6438126d3\">\n.flex_column.av-duwjx-a1782376facf2268f117f9d6438126d3{\n-webkit-border-radius:0px 0px 0px 0px;\n-moz-border-radius:0px 0px 0px 0px;\nborder-radius:0px 0px 0px 0px;\npadding:0px 0px 0px 0px;\n}\n<\/style>\n<div class='flex_column av-duwjx-a1782376facf2268f117f9d6438126d3 av_two_fifth  avia-builder-el-6  el_after_av_three_fifth  avia-builder-el-last  flex_column_div av-animated-generic pop-up av-zero-column-padding '     ><style type=\"text\/css\" data-created_by=\"avia_inline_auto\" id=\"style-css-av-a3f8l-a91f1dbf9e63afa098405a6dd0618a81\">\n.avia-image-container.av-a3f8l-a91f1dbf9e63afa098405a6dd0618a81 img.avia_image{\nbox-shadow:none;\n}\n.avia-image-container.av-a3f8l-a91f1dbf9e63afa098405a6dd0618a81 .av-image-caption-overlay-center{\ncolor:#ffffff;\n}\n<\/style>\n<div  class='avia-image-container av-a3f8l-a91f1dbf9e63afa098405a6dd0618a81 av-styling- avia-align-center  avia-builder-el-7  avia-builder-el-no-sibling '   itemprop=\"image\" itemscope=\"itemscope\" itemtype=\"https:\/\/schema.org\/ImageObject\" ><div class=\"avia-image-container-inner\"><div class=\"avia-image-overlay-wrap\"><img decoding=\"async\" class='wp-image-391 avia-img-lazy-loading-not-391 avia_image ' src=\"https:\/\/m25laval.com\/wp-content\/uploads\/2018\/10\/backdrop-team.png\" alt='' title='backdrop-team'  height=\"872\" width=\"827\"  itemprop=\"thumbnailUrl\" srcset=\"https:\/\/m25laval.com\/wp-content\/uploads\/2018\/10\/backdrop-team.png 827w, https:\/\/m25laval.com\/wp-content\/uploads\/2018\/10\/backdrop-team-285x300.png 285w, https:\/\/m25laval.com\/wp-content\/uploads\/2018\/10\/backdrop-team-768x810.png 768w, https:\/\/m25laval.com\/wp-content\/uploads\/2018\/10\/backdrop-team-669x705.png 669w\" sizes=\"(max-width: 827px) 100vw, 827px\" \/><\/div><\/div><\/div><\/div><\/div><\/div><\/main><!-- close content main element --><\/div><div class='av-extra-border-element border-extra-diagonal border-extra-diagonal-inverse '><div class='av-extra-border-outer'><div class='av-extra-border-inner'><\/div><\/div><\/div><\/div><div id='after_section_1'  class='main_color av_default_container_wrap container_wrap sidebar_right'  ><div class='container av-section-cont-open' ><div class='template-page content  av-content-small alpha units'><div class='post-entry post-entry-type-page post-entry-877'><div class='entry-content-wrapper clearfix'><\/p>\n<\/div>","protected":false},"excerpt":{"rendered":"","protected":false},"author":5,"featured_media":0,"parent":0,"menu_order":0,"comment_status":"closed","ping_status":"closed","template":"","meta":{"om_disable_all_campaigns":false,"_monsterinsights_skip_tracking":false,"_monsterinsights_sitenote_active":false,"_monsterinsights_sitenote_note":"","_monsterinsights_sitenote_category":0,"_uf_show_specific_survey":0,"_uf_disable_surveys":false},"aioseo_notices":[],"_links":{"self":[{"href":"https:\/\/m25laval.com\/fr\/wp-json\/wp\/v2\/pages\/877"}],"collection":[{"href":"https:\/\/m25laval.com\/fr\/wp-json\/wp\/v2\/pages"}],"about":[{"href":"https:\/\/m25laval.com\/fr\/wp-json\/wp\/v2\/types\/page"}],"author":[{"embeddable":true,"href":"https:\/\/m25laval.com\/fr\/wp-json\/wp\/v2\/users\/5"}],"replies":[{"embeddable":true,"href":"https:\/\/m25laval.com\/fr\/wp-json\/wp\/v2\/comments?post=877"}],"version-history":[{"count":21,"href":"https:\/\/m25laval.com\/fr\/wp-json\/wp\/v2\/pages\/877\/revisions"}],"predecessor-version":[{"id":1922,"href":"https:\/\/m25laval.com\/fr\/wp-json\/wp\/v2\/pages\/877\/revisions\/1922"}],"wp:attachment":[{"href":"https:\/\/m25laval.com\/fr\/wp-json\/wp\/v2\/media?parent=877"}],"curies":[{"name":"wp","href":"https:\/\/api.w.org\/{rel}","templated":true}]}}