{"id":861,"date":"2023-02-22T20:47:00","date_gmt":"2023-02-23T01:47:00","guid":{"rendered":"https:\/\/m25laval.com\/?page_id=861"},"modified":"2026-04-19T16:40:39","modified_gmt":"2026-04-19T21:40:39","slug":"devenez-partenaires","status":"publish","type":"page","link":"https:\/\/m25laval.com\/fr\/partenaires-2\/devenez-partenaires\/","title":{"rendered":"Devenez partenaires"},"content":{"rendered":"<div class=\"nolwrap\"><p>\n<style type=\"text\/css\" data-created_by=\"avia_inline_auto\" id=\"style-css-av-lexeigx0-badc2b66a608346378f4d45da1cf7e22\">\n#top .av-special-heading.av-lexeigx0-badc2b66a608346378f4d45da1cf7e22{\npadding-bottom:10px;\n}\nbody .av-special-heading.av-lexeigx0-badc2b66a608346378f4d45da1cf7e22 .av-special-heading-tag .heading-char{\nfont-size:25px;\n}\n.av-special-heading.av-lexeigx0-badc2b66a608346378f4d45da1cf7e22 .av-subheading{\nfont-size:15px;\n}\n<\/style>\n<div  class='av-special-heading av-lexeigx0-badc2b66a608346378f4d45da1cf7e22 av-special-heading-h1 blockquote modern-quote  avia-builder-el-0  el_before_av_heading  avia-builder-el-first '><h1 class='av-special-heading-tag'  itemprop=\"headline\"  >DEVENEZ PARTENAIRES<\/h1><div class=\"special-heading-border\"><div class=\"special-heading-inner-border\"><\/div><\/div><\/div><\/p>\n\n<style type=\"text\/css\" data-created_by=\"avia_inline_auto\" id=\"style-css-av-lexefbe6-371e1c53bc3bae1a8c132c11c81db41c\">\n#top .av-special-heading.av-lexefbe6-371e1c53bc3bae1a8c132c11c81db41c{\npadding-bottom:10px;\n}\nbody .av-special-heading.av-lexefbe6-371e1c53bc3bae1a8c132c11c81db41c .av-special-heading-tag .heading-char{\nfont-size:25px;\n}\n.av-special-heading.av-lexefbe6-371e1c53bc3bae1a8c132c11c81db41c .av-subheading{\nfont-size:15px;\n}\n<\/style>\n<div  class='av-special-heading av-lexefbe6-371e1c53bc3bae1a8c132c11c81db41c av-special-heading-h3 blockquote modern-quote  avia-builder-el-1  el_after_av_heading  el_before_av_three_fifth '><h3 class='av-special-heading-tag'  itemprop=\"headline\"  >Du 5 au 12 juillet 2026 le \u00ab WORLD TENNIS TOUR \u00bb M25 d\u00e9barque \u00e0 Laval, une opportunit\u00e9 de visibilit\u00e9 d\u2019envergure locale et internationale pour les entreprises. <\/h3><div class=\"special-heading-border\"><div class=\"special-heading-inner-border\"><\/div><\/div><\/div>\n<div class='flex_column av-hh1q5-c1c84c52992d96ac26b79fff0ecd31c9 av_three_fifth  avia-builder-el-2  el_after_av_heading  el_before_av_two_fifth  first flex_column_div '     ><style type=\"text\/css\" data-created_by=\"avia_inline_auto\" id=\"style-css-av-hf9ol-94ccdc92e3c4423326a65a52a305b487\">\n#top .av_textblock_section.av-hf9ol-94ccdc92e3c4423326a65a52a305b487 .avia_textblock{\nfont-size:15px;\ncolor:#000000;\n}\n<\/style>\n<section  class='av_textblock_section av-hf9ol-94ccdc92e3c4423326a65a52a305b487'  itemscope=\"itemscope\" itemtype=\"https:\/\/schema.org\/CreativeWork\" ><div class='avia_textblock av_inherit_color'  itemprop=\"text\" ><p>Avec les r\u00e9centes performances inspirantes de Victoria Mboko, de la Lavalloise Leylah Annie Fernandez combin\u00e9es aux succ\u00e8s d&#8217;Alexis Galarneau, F\u00e9lix Auger-Aliassime et Gabriel Diallo, le tennis d&#8217;ici continue sa croissance.<\/p>\n<p>Nous sommes fiers d&#8217;avoir vu d\u00e9filer au M25 Laval les nouvelles recrues de la Coupe Davis 2025, notamment Gabriel Diallo et Liam Draxl, qui poursuivent leur ascension dans les rangs professionnels.<\/p>\n<p>Le circuit \u00ab ITF World Tennis Tour \u00bb, qui est install\u00e9 \u00e0 Laval depuis 2023 repr\u00e9sente donc \u00ab une occasion extraordinaire \u00bb pour les entreprises d\u2019ici de s\u2019associer au 2<sup>e<\/sup> sport le plus populaire du Qu\u00e9bec et de profiter d\u2019une visibilit\u00e9 exceptionnelle.<\/p>\n<p>Vous trouverez donc dans la pr\u00e9sente page notre offre de partenariat<strong>\u00a0<\/strong>qui vous permettra de valoriser votre engagement envers le d\u00e9veloppement du tennis et de positionner votre entreprise pour la <strong>quatri\u00e8me \u00e9dition<\/strong> du tournoi. Sachez que tous les montants issus des partenariats ne serviront pas \u00e0 d\u00e9frayer des salaires, mais seront plut\u00f4t consacr\u00e9s aux d\u00e9penses reli\u00e9es \u00e0 la logistique de l\u2019\u00e9v\u00e9nement.<\/p>\n<p>Dans le cas o\u00f9 vous voudriez confirmer d\u00e8s maintenant votre engagement en tant que partenaire de la <strong>quatri\u00e8me \u00e9dition<\/strong> du tournoi M25 Laval, nous vous invitons \u00e0 proc\u00e9der \u00e0 votre paiement via le lien s\u00e9curis\u00e9 suivant.<\/p>\n<p>Si vous d\u00e9sirez des pr\u00e9cisions au sujet des partenariats n\u2019h\u00e9sitez pas \u00e0 nous contacter \u00e0 l&#8217;adresse info@M25laval.com.<\/p>\n<\/div><\/section><\/div><div class='flex_column av-bpkl9-1948c5845711dac5d2dece586625ed25 av_two_fifth  avia-builder-el-4  el_after_av_three_fifth  el_before_av_image  flex_column_div '     ><\/div><\/p>\n<p>\n<style type=\"text\/css\" data-created_by=\"avia_inline_auto\" id=\"style-css-av-ls2umyo5-26dcd4d8675cc3242fa3d0dbc084f996\">\n.avia-image-container.av-ls2umyo5-26dcd4d8675cc3242fa3d0dbc084f996 img.avia_image{\nbox-shadow:none;\n}\n.avia-image-container.av-ls2umyo5-26dcd4d8675cc3242fa3d0dbc084f996 .av-image-caption-overlay-center{\ncolor:#ffffff;\n}\n<\/style>\n<div  class='avia-image-container av-ls2umyo5-26dcd4d8675cc3242fa3d0dbc084f996 av-styling- avia-align-center  avia-builder-el-6  el_after_av_two_fifth  avia-builder-el-last '   itemprop=\"image\" itemscope=\"itemscope\" itemtype=\"https:\/\/schema.org\/ImageObject\" ><div class=\"avia-image-container-inner\"><div class=\"avia-image-overlay-wrap\"><img decoding=\"async\" class='wp-image-1913 avia-img-lazy-loading-not-1913 avia_image ' src=\"https:\/\/m25laval.com\/wp-content\/uploads\/2026\/01\/2026_m25-laval-plan-de-commandite-vp-1030x797.jpg\" alt='' title='2026_m25-laval-plan-de-commandite vp'  height=\"797\" width=\"1030\"  itemprop=\"thumbnailUrl\" srcset=\"https:\/\/m25laval.com\/wp-content\/uploads\/2026\/01\/2026_m25-laval-plan-de-commandite-vp-1030x797.jpg 1030w, https:\/\/m25laval.com\/wp-content\/uploads\/2026\/01\/2026_m25-laval-plan-de-commandite-vp-300x232.jpg 300w, https:\/\/m25laval.com\/wp-content\/uploads\/2026\/01\/2026_m25-laval-plan-de-commandite-vp-768x594.jpg 768w, https:\/\/m25laval.com\/wp-content\/uploads\/2026\/01\/2026_m25-laval-plan-de-commandite-vp-705x545.jpg 705w, https:\/\/m25laval.com\/wp-content\/uploads\/2026\/01\/2026_m25-laval-plan-de-commandite-vp.jpg 1055w\" sizes=\"(max-width: 1030px) 100vw, 1030px\" \/><\/div><\/div><\/div><\/p>\n<\/div>","protected":false},"excerpt":{"rendered":"","protected":false},"author":1,"featured_media":0,"parent":882,"menu_order":0,"comment_status":"closed","ping_status":"closed","template":"","meta":{"om_disable_all_campaigns":false,"_monsterinsights_skip_tracking":false,"_monsterinsights_sitenote_active":false,"_monsterinsights_sitenote_note":"","_monsterinsights_sitenote_category":0,"_uf_show_specific_survey":0,"_uf_disable_surveys":false},"aioseo_notices":[],"_links":{"self":[{"href":"https:\/\/m25laval.com\/fr\/wp-json\/wp\/v2\/pages\/861"}],"collection":[{"href":"https:\/\/m25laval.com\/fr\/wp-json\/wp\/v2\/pages"}],"about":[{"href":"https:\/\/m25laval.com\/fr\/wp-json\/wp\/v2\/types\/page"}],"author":[{"embeddable":true,"href":"https:\/\/m25laval.com\/fr\/wp-json\/wp\/v2\/users\/1"}],"replies":[{"embeddable":true,"href":"https:\/\/m25laval.com\/fr\/wp-json\/wp\/v2\/comments?post=861"}],"version-history":[{"count":31,"href":"https:\/\/m25laval.com\/fr\/wp-json\/wp\/v2\/pages\/861\/revisions"}],"predecessor-version":[{"id":1960,"href":"https:\/\/m25laval.com\/fr\/wp-json\/wp\/v2\/pages\/861\/revisions\/1960"}],"up":[{"embeddable":true,"href":"https:\/\/m25laval.com\/fr\/wp-json\/wp\/v2\/pages\/882"}],"wp:attachment":[{"href":"https:\/\/m25laval.com\/fr\/wp-json\/wp\/v2\/media?parent=861"}],"curies":[{"name":"wp","href":"https:\/\/api.w.org\/{rel}","templated":true}]}}