{"id":847,"date":"2023-02-16T08:19:11","date_gmt":"2023-02-16T13:19:11","guid":{"rendered":"https:\/\/m25laval.com\/?page_id=847"},"modified":"2026-01-10T17:02:01","modified_gmt":"2026-01-10T22:02:01","slug":"billets","status":"publish","type":"page","link":"https:\/\/m25laval.com\/fr\/billets\/","title":{"rendered":"Billets"},"content":{"rendered":"<div class=\"nolwrap\"><p>\n<style type=\"text\/css\" data-created_by=\"avia_inline_auto\" id=\"style-css-av-j2czj-57a4812f794466005f3e1f22996da2e6\">\n.avia-section.av-j2czj-57a4812f794466005f3e1f22996da2e6{\nbackground-repeat:no-repeat;\nbackground-image:url(https:\/\/m25laval.com\/wp-content\/uploads\/2024\/01\/banner-photo-parc-st-victor.jpg);\nbackground-position:50% 50%;\nbackground-attachment:scroll;\n}\n.avia-section.av-j2czj-57a4812f794466005f3e1f22996da2e6 .av-section-color-overlay{\nopacity:0.7;\nbackground-color:#010c3e;\n}\n<\/style>\n<div id='av_section_1'  class='avia-section av-j2czj-57a4812f794466005f3e1f22996da2e6 main_color avia-section-default avia-no-border-styling  avia-builder-el-0  el_before_av_textblock  avia-builder-el-first  avia-bg-style-scroll av-section-color-overlay-active container_wrap sidebar_right'  data-section-bg-repeat='no-repeat'><div class=\"av-section-color-overlay-wrap\"><div class=\"av-section-color-overlay\"><\/div><div class='container av-section-cont-open' ><main  role=\"main\" itemprop=\"mainContentOfPage\"  class='template-page content  av-content-small alpha units'><div class='post-entry post-entry-type-page post-entry-847'><div class='entry-content-wrapper clearfix'>\n\n<style type=\"text\/css\" data-created_by=\"avia_inline_auto\" id=\"style-css-av-gtu2f-9c0036bfab69a4ec1fafe05452b4d088\">\n#top .hr.hr-invisible.av-gtu2f-9c0036bfab69a4ec1fafe05452b4d088{\nheight:50px;\n}\n<\/style>\n<div  class='hr av-gtu2f-9c0036bfab69a4ec1fafe05452b4d088 hr-invisible  avia-builder-el-1  el_before_av_heading  avia-builder-el-first '><span class='hr-inner '><span class=\"hr-inner-style\"><\/span><\/span><\/div>\n\n<style type=\"text\/css\" data-created_by=\"avia_inline_auto\" id=\"style-css-av-ls2q08on-8c07ae8e5f79692f6316fee831d28012\">\n#top .av-special-heading.av-ls2q08on-8c07ae8e5f79692f6316fee831d28012{\npadding-bottom:10px;\ncolor:#ffffff;\n}\nbody .av-special-heading.av-ls2q08on-8c07ae8e5f79692f6316fee831d28012 .av-special-heading-tag .heading-char{\nfont-size:25px;\n}\n.av-special-heading.av-ls2q08on-8c07ae8e5f79692f6316fee831d28012 .special-heading-inner-border{\nborder-color:#ffffff;\n}\n.av-special-heading.av-ls2q08on-8c07ae8e5f79692f6316fee831d28012 .av-subheading{\nfont-size:15px;\n}\n<\/style>\n<div  class='av-special-heading av-ls2q08on-8c07ae8e5f79692f6316fee831d28012 av-special-heading-h1 custom-color-heading blockquote modern-quote  avia-builder-el-2  el_after_av_hr  el_before_av_hr '><h1 class='av-special-heading-tag'  itemprop=\"headline\"  >La billetterie<\/h1><div class=\"special-heading-border\"><div class=\"special-heading-inner-border\"><\/div><\/div><\/div>\n\n<style type=\"text\/css\" data-created_by=\"avia_inline_auto\" id=\"style-css-av-896yf-a981ea4d321c7fe9f68b65ca3a58a3cb\">\n#top .hr.hr-invisible.av-896yf-a981ea4d321c7fe9f68b65ca3a58a3cb{\nheight:50px;\n}\n<\/style>\n<div  class='hr av-896yf-a981ea4d321c7fe9f68b65ca3a58a3cb hr-invisible  avia-builder-el-3  el_after_av_heading  avia-builder-el-last '><span class='hr-inner '><span class=\"hr-inner-style\"><\/span><\/span><\/div>\n<\/div><\/div><\/main><!-- close content main element --><\/div><\/div><\/div><div id='after_section_1'  class='main_color av_default_container_wrap container_wrap sidebar_right'  ><div class='container av-section-cont-open' ><div class='template-page content  av-content-small alpha units'><div class='post-entry post-entry-type-page post-entry-847'><div class='entry-content-wrapper clearfix'><\/p>\n\n<style type=\"text\/css\" data-created_by=\"avia_inline_auto\" id=\"style-css-av-ls2q2q8a-c23557637e3176e3c0f2d8de0475ad9f\">\n#top .av_textblock_section.av-ls2q2q8a-c23557637e3176e3c0f2d8de0475ad9f .avia_textblock{\nfont-size:16px;\ncolor:#000000;\n}\n<\/style>\n<section  class='av_textblock_section av-ls2q2q8a-c23557637e3176e3c0f2d8de0475ad9f'  itemscope=\"itemscope\" itemtype=\"https:\/\/schema.org\/CreativeWork\" ><div class='avia_textblock av_inherit_color'  itemprop=\"text\" ><p>Acheter un billet pour un tournoi de tennis offre bien plus qu\u2019une simple admission \u00e0 un spectacle sportif. C\u2019est l\u2019acc\u00e8s privil\u00e9gi\u00e9 \u00e0 une exp\u00e9rience immersive, o\u00f9 chaque \u00e9change de balle et chaque coup gagnant se d\u00e9roulent sous vos yeux \u00e9merveill\u00e9s. Assistez en direct aux performances exceptionnelles des meilleurs joueurs mondiaux, ressentez l\u2019\u00e9nergie \u00e9lectrisante des tribunes et partagez des moments palpitants avec d\u2019autres passionn\u00e9s de tennis.<\/p>\n<\/div><\/section>\n<\/p>\n<\/div>","protected":false},"excerpt":{"rendered":"","protected":false},"author":1,"featured_media":0,"parent":0,"menu_order":0,"comment_status":"closed","ping_status":"closed","template":"","meta":{"om_disable_all_campaigns":false,"_monsterinsights_skip_tracking":false,"_monsterinsights_sitenote_active":false,"_monsterinsights_sitenote_note":"","_monsterinsights_sitenote_category":0,"_uf_show_specific_survey":0,"_uf_disable_surveys":false},"aioseo_notices":[],"_links":{"self":[{"href":"https:\/\/m25laval.com\/fr\/wp-json\/wp\/v2\/pages\/847"}],"collection":[{"href":"https:\/\/m25laval.com\/fr\/wp-json\/wp\/v2\/pages"}],"about":[{"href":"https:\/\/m25laval.com\/fr\/wp-json\/wp\/v2\/types\/page"}],"author":[{"embeddable":true,"href":"https:\/\/m25laval.com\/fr\/wp-json\/wp\/v2\/users\/1"}],"replies":[{"embeddable":true,"href":"https:\/\/m25laval.com\/fr\/wp-json\/wp\/v2\/comments?post=847"}],"version-history":[{"count":21,"href":"https:\/\/m25laval.com\/fr\/wp-json\/wp\/v2\/pages\/847\/revisions"}],"predecessor-version":[{"id":1916,"href":"https:\/\/m25laval.com\/fr\/wp-json\/wp\/v2\/pages\/847\/revisions\/1916"}],"wp:attachment":[{"href":"https:\/\/m25laval.com\/fr\/wp-json\/wp\/v2\/media?parent=847"}],"curies":[{"name":"wp","href":"https:\/\/api.w.org\/{rel}","templated":true}]}}