{"id":829,"date":"2023-02-15T21:23:19","date_gmt":"2023-02-16T02:23:19","guid":{"rendered":"https:\/\/m25laval.com\/?page_id=829"},"modified":"2025-12-31T15:07:59","modified_gmt":"2025-12-31T20:07:59","slug":"benevolat","status":"publish","type":"page","link":"https:\/\/m25laval.com\/fr\/benevolat\/","title":{"rendered":"B\u00e9n\u00e9volat"},"content":{"rendered":"<div class=\"nolwrap\"><p>\n<style type=\"text\/css\" data-created_by=\"avia_inline_auto\" id=\"style-css-av-ls2rrlu3-64fbdfc19e172841a3fe542094778873\">\n.avia-section.av-ls2rrlu3-64fbdfc19e172841a3fe542094778873{\nbackground-repeat:no-repeat;\nbackground-image:url(https:\/\/m25laval.com\/wp-content\/uploads\/2024\/02\/banner-header-tennis-racquet-2000.jpg);\nbackground-position:50% 50%;\nbackground-attachment:scroll;\n}\n.avia-section.av-ls2rrlu3-64fbdfc19e172841a3fe542094778873 .av-section-color-overlay{\nopacity:0.7;\nbackground-color:#010c3e;\n}\n<\/style>\n<div id='av_section_1'  class='avia-section av-ls2rrlu3-64fbdfc19e172841a3fe542094778873 main_color avia-section-default avia-no-border-styling  avia-builder-el-0  el_before_av_heading  avia-builder-el-first  avia-bg-style-scroll av-section-color-overlay-active container_wrap sidebar_right'  data-section-bg-repeat='no-repeat'><div class=\"av-section-color-overlay-wrap\"><div class=\"av-section-color-overlay\"><\/div><div class='container av-section-cont-open' ><main  role=\"main\" itemprop=\"mainContentOfPage\"  class='template-page content  av-content-small alpha units'><div class='post-entry post-entry-type-page post-entry-829'><div class='entry-content-wrapper clearfix'>\n\n<style type=\"text\/css\" data-created_by=\"avia_inline_auto\" id=\"style-css-av-do5gl-25bee877397466c072825a5957eda97e\">\n#top .hr.hr-invisible.av-do5gl-25bee877397466c072825a5957eda97e{\nheight:50px;\n}\n<\/style>\n<div  class='hr av-do5gl-25bee877397466c072825a5957eda97e hr-invisible  avia-builder-el-1  el_before_av_heading  avia-builder-el-first '><span class='hr-inner '><span class=\"hr-inner-style\"><\/span><\/span><\/div>\n\n<style type=\"text\/css\" data-created_by=\"avia_inline_auto\" id=\"style-css-av-ls2rr0oi-8fefdd671aee160e15e18d2d66235bd2\">\n#top .av-special-heading.av-ls2rr0oi-8fefdd671aee160e15e18d2d66235bd2{\npadding-bottom:10px;\ncolor:#ffffff;\n}\nbody .av-special-heading.av-ls2rr0oi-8fefdd671aee160e15e18d2d66235bd2 .av-special-heading-tag .heading-char{\nfont-size:25px;\n}\n.av-special-heading.av-ls2rr0oi-8fefdd671aee160e15e18d2d66235bd2 .special-heading-inner-border{\nborder-color:#ffffff;\n}\n.av-special-heading.av-ls2rr0oi-8fefdd671aee160e15e18d2d66235bd2 .av-subheading{\nfont-size:15px;\n}\n<\/style>\n<div  class='av-special-heading av-ls2rr0oi-8fefdd671aee160e15e18d2d66235bd2 av-special-heading-h1 custom-color-heading blockquote modern-quote  avia-builder-el-2  el_after_av_hr  el_before_av_hr '><h1 class='av-special-heading-tag'  itemprop=\"headline\"  >Devenez b\u00e9n\u00e9vole<\/h1><div class=\"special-heading-border\"><div class=\"special-heading-inner-border\"><\/div><\/div><\/div>\n\n<style type=\"text\/css\" data-created_by=\"avia_inline_auto\" id=\"style-css-av-7sd8d-8b8c93de6562fd3e5a5768be22df4173\">\n#top .hr.hr-invisible.av-7sd8d-8b8c93de6562fd3e5a5768be22df4173{\nheight:50px;\n}\n<\/style>\n<div  class='hr av-7sd8d-8b8c93de6562fd3e5a5768be22df4173 hr-invisible  avia-builder-el-3  el_after_av_heading  avia-builder-el-last '><span class='hr-inner '><span class=\"hr-inner-style\"><\/span><\/span><\/div>\n<\/div><\/div><\/main><!-- close content main element --><\/div><\/div><\/div><div id='after_section_1'  class='main_color av_default_container_wrap container_wrap sidebar_right'  ><div class='container av-section-cont-open' ><div class='template-page content  av-content-small alpha units'><div class='post-entry post-entry-type-page post-entry-829'><div class='entry-content-wrapper clearfix'><\/p>\n\n<style type=\"text\/css\" data-created_by=\"avia_inline_auto\" id=\"style-css-av-ls2rs2s6-89343a82600d968495affe4eb946290e\">\n#top .av-special-heading.av-ls2rs2s6-89343a82600d968495affe4eb946290e{\npadding-bottom:10px;\n}\nbody .av-special-heading.av-ls2rs2s6-89343a82600d968495affe4eb946290e .av-special-heading-tag .heading-char{\nfont-size:25px;\n}\n.av-special-heading.av-ls2rs2s6-89343a82600d968495affe4eb946290e .av-subheading{\nfont-size:15px;\n}\n<\/style>\n<div  class='av-special-heading av-ls2rs2s6-89343a82600d968495affe4eb946290e av-special-heading-h2 blockquote modern-quote  avia-builder-el-4  el_after_av_section  el_before_av_textblock  avia-builder-el-first '><h2 class='av-special-heading-tag'  itemprop=\"headline\"  >FAITES PARTIE D\u2019UN TOURNOI DE TENNIS PROFESSIONNEL EN TANT QUE B\u00c9N\u00c9VOLE<\/h2><div class=\"special-heading-border\"><div class=\"special-heading-inner-border\"><\/div><\/div><\/div>\n\n<style type=\"text\/css\" data-created_by=\"avia_inline_auto\" id=\"style-css-av-le6ibli3-cb2121aff01f9257b6c0e988e5faed90\">\n#top .av_textblock_section.av-le6ibli3-cb2121aff01f9257b6c0e988e5faed90 .avia_textblock{\nfont-size:15px;\ncolor:#000000;\n}\n<\/style>\n<section  class='av_textblock_section av-le6ibli3-cb2121aff01f9257b6c0e988e5faed90'  itemscope=\"itemscope\" itemtype=\"https:\/\/schema.org\/CreativeWork\" ><div class='avia_textblock av_inherit_color'  itemprop=\"text\" ><p>Le tournoi de tennis M25 Laval aura lieu \u00e0 Laval au Centre de Tennis St-Victor du <strong>5 au 12 juillet 2026<\/strong> et attirera des joueurs qu\u00e9b\u00e9cois et canadiens mais recevra \u00e9galement des athl\u00e8tes provenant de plusieurs pays \u00e0 travers le monde.<\/p>\n<p>Un tournoi de cette envergure demandera certainement beaucoup d\u2019organisation sur plusieurs aspects. \u00c0 cet effet, nous recherchons des b\u00e9n\u00e9voles pour nous \u00e9pauler et assurer le succ\u00e8s de ce tournoi. Nous sommes \u00e0 la recherche de personnes dynamiques et positives qui aiment travailler en \u00e9quipe. Les personnes qui feront partie de l&#8217;\u00e9quipe devront avoir un souci de service \u00e0 la client\u00e8le pour s&#8217;occuper des joueurs, des spectateurs et des partenaires.<\/p>\n<\/div><\/section>\n\n<style type=\"text\/css\" data-created_by=\"avia_inline_auto\" id=\"style-css-av-le6ifvi7-2b589c2c8384db5137bc6d414ffe2b0b\">\n#top .av-special-heading.av-le6ifvi7-2b589c2c8384db5137bc6d414ffe2b0b{\npadding-bottom:10px;\n}\nbody .av-special-heading.av-le6ifvi7-2b589c2c8384db5137bc6d414ffe2b0b .av-special-heading-tag .heading-char{\nfont-size:25px;\n}\n.av-special-heading.av-le6ifvi7-2b589c2c8384db5137bc6d414ffe2b0b .av-subheading{\nfont-size:15px;\n}\n<\/style>\n<div  class='av-special-heading av-le6ifvi7-2b589c2c8384db5137bc6d414ffe2b0b av-special-heading-h2 blockquote modern-quote  avia-builder-el-6  el_after_av_textblock  el_before_av_textblock '><h2 class='av-special-heading-tag'  itemprop=\"headline\"  >POURQUOI DEVENIR B\u00c9N\u00c9VOLE<\/h2><div class=\"special-heading-border\"><div class=\"special-heading-inner-border\"><\/div><\/div><\/div>\n\n<style type=\"text\/css\" data-created_by=\"avia_inline_auto\" id=\"style-css-av-le6ifjad-90711403ce572558defdc564f727beaa\">\n#top .av_textblock_section.av-le6ifjad-90711403ce572558defdc564f727beaa .avia_textblock{\nfont-size:15px;\ncolor:#000000;\n}\n<\/style>\n<section  class='av_textblock_section av-le6ifjad-90711403ce572558defdc564f727beaa'  itemscope=\"itemscope\" itemtype=\"https:\/\/schema.org\/CreativeWork\" ><div class='avia_textblock av_inherit_color'  itemprop=\"text\" ><ul>\n<li>Pour vivre une exp\u00e9rience unique et enrichissante<\/li>\n<li>Pour \u00eatre aux premi\u00e8res loges de ce tournoi professionnel international<\/li>\n<li>Pour rencontrer des personnes dynamiques et inspirantes.<\/li>\n<li>Pour ceux qui appr\u00e9cient le travail d\u2019\u00e9quipe et l\u2019esprit d\u2019entraide<\/li>\n<li>Accr\u00e9ditation permettant de circuler sur le site et d\u2019avoir acc\u00e8s \u00e0 des places pour assister aux matchs<\/li>\n<li>Chandail arborant le logo du Tournoi M25 Laval<\/li>\n<li>Repas fournis par un traiteur\/restaurant selon les quarts de travail<\/li>\n<li>Admissibilit\u00e9 \u00e0 divers tirages<\/li>\n<\/ul>\n<\/div><\/section>\n\n<style type=\"text\/css\" data-created_by=\"avia_inline_auto\" id=\"style-css-av-lew0xbzj-c08459f15c301cb3abeb7b4044868dc7\">\n#top .av-special-heading.av-lew0xbzj-c08459f15c301cb3abeb7b4044868dc7{\npadding-bottom:10px;\n}\nbody .av-special-heading.av-lew0xbzj-c08459f15c301cb3abeb7b4044868dc7 .av-special-heading-tag .heading-char{\nfont-size:25px;\n}\n.av-special-heading.av-lew0xbzj-c08459f15c301cb3abeb7b4044868dc7 .av-subheading{\nfont-size:15px;\n}\n<\/style>\n<div  class='av-special-heading av-lew0xbzj-c08459f15c301cb3abeb7b4044868dc7 av-special-heading-h2  avia-builder-el-8  el_after_av_textblock  el_before_av_textblock '><h2 class='av-special-heading-tag'  itemprop=\"headline\"  >COMMENT DEVENIR B\u00c9N\u00c9VOLE<\/h2><div class=\"special-heading-border\"><div class=\"special-heading-inner-border\"><\/div><\/div><\/div>\n\n<style type=\"text\/css\" data-created_by=\"avia_inline_auto\" id=\"style-css-av-le6io816-51ad805997a8af25da20a81b5f62f25e\">\n#top .av_textblock_section.av-le6io816-51ad805997a8af25da20a81b5f62f25e .avia_textblock{\nfont-size:15px;\ncolor:#000000;\n}\n<\/style>\n<section  class='av_textblock_section av-le6io816-51ad805997a8af25da20a81b5f62f25e'  itemscope=\"itemscope\" itemtype=\"https:\/\/schema.org\/CreativeWork\" ><div class='avia_textblock av_inherit_color'  itemprop=\"text\" ><p>Pour devenir b\u00e9n\u00e9vole, remplissez le formulaire suivant. Si vous avez des questions, n\u2019h\u00e9sitez-pas \u00e0 nous \u00e9crire \u00e0 <a href=\"mailto:info@m25laval.com\">info@m25laval.com<\/a>.<\/p>\n<p>Au plaisir de vous voir cet \u00e9t\u00e9.<\/p>\n<\/div><\/section>\n<\/p>\n<\/div>","protected":false},"excerpt":{"rendered":"","protected":false},"author":1,"featured_media":0,"parent":0,"menu_order":0,"comment_status":"closed","ping_status":"closed","template":"","meta":{"om_disable_all_campaigns":false,"_monsterinsights_skip_tracking":false,"_monsterinsights_sitenote_active":false,"_monsterinsights_sitenote_note":"","_monsterinsights_sitenote_category":0,"_uf_show_specific_survey":0,"_uf_disable_surveys":false},"aioseo_notices":[],"_links":{"self":[{"href":"https:\/\/m25laval.com\/fr\/wp-json\/wp\/v2\/pages\/829"}],"collection":[{"href":"https:\/\/m25laval.com\/fr\/wp-json\/wp\/v2\/pages"}],"about":[{"href":"https:\/\/m25laval.com\/fr\/wp-json\/wp\/v2\/types\/page"}],"author":[{"embeddable":true,"href":"https:\/\/m25laval.com\/fr\/wp-json\/wp\/v2\/users\/1"}],"replies":[{"embeddable":true,"href":"https:\/\/m25laval.com\/fr\/wp-json\/wp\/v2\/comments?post=829"}],"version-history":[{"count":29,"href":"https:\/\/m25laval.com\/fr\/wp-json\/wp\/v2\/pages\/829\/revisions"}],"predecessor-version":[{"id":1910,"href":"https:\/\/m25laval.com\/fr\/wp-json\/wp\/v2\/pages\/829\/revisions\/1910"}],"wp:attachment":[{"href":"https:\/\/m25laval.com\/fr\/wp-json\/wp\/v2\/media?parent=829"}],"curies":[{"name":"wp","href":"https:\/\/api.w.org\/{rel}","templated":true}]}}