{"id":699,"date":"2020-04-10T15:44:57","date_gmt":"2020-04-10T20:44:57","guid":{"rendered":"https:\/\/m25laval.com\/?page_id=699"},"modified":"2020-04-10T15:45:26","modified_gmt":"2020-04-10T20:45:26","slug":"faites-partie-de-lequipe","status":"publish","type":"page","link":"https:\/\/m25laval.com\/fr\/faites-partie-de-lequipe\/","title":{"rendered":"Faites partie de l&#8217;\u00e9quipe"},"content":{"rendered":"<div class=\"nolwrap\">\n<ul><li>Vous vous joignez \u00e0 une \u00e9quipe dynamique qui poss\u00e8de une pr\u00e9occupation constante d&#8217;innover afin de faire \u00e9voluer la pratique du tennis sur le territoire de la Ville de Laval.<\/li><li>Vous associez votre organisation \u00e0 une image de marque dans la communaut\u00e9 tennistique lavaloise et du grand Montr\u00e9al.<\/li><li>Vous vous positionnez en tant que promoteur de l&#8217;activit\u00e9 physique et des ses bienfaits.<\/li><li>Vous acc\u00e9dez \u00e0 un bassin de plusieurs centaines d&#8217;amateurs et de joueurs.<\/li><li>Vous b\u00e9n\u00e9ficiez d&#8217;un plan de couverture \u00e9labor\u00e9 et adapt\u00e9 \u00e0 vos objectifs.<\/li><li>Et surtout, vous encouragez la rel\u00e8ve.<\/li><\/ul>\n\n\n\n<p><\/p>\n<\/div>","protected":false},"excerpt":{"rendered":"<p>Vous vous joignez \u00e0 une \u00e9quipe dynamique qui poss\u00e8de une pr\u00e9occupation constante d&#8217;innover afin de faire \u00e9voluer la pratique du tennis sur le territoire de la Ville de Laval. Vous associez votre organisation \u00e0 une image de marque dans la communaut\u00e9 tennistique lavaloise et du grand Montr\u00e9al. Vous vous positionnez en tant que promoteur de [&hellip;]<\/p>\n","protected":false},"author":8,"featured_media":0,"parent":0,"menu_order":0,"comment_status":"closed","ping_status":"closed","template":"","meta":{"om_disable_all_campaigns":false,"_monsterinsights_skip_tracking":false,"_monsterinsights_sitenote_active":false,"_monsterinsights_sitenote_note":"","_monsterinsights_sitenote_category":0,"_uf_show_specific_survey":0,"_uf_disable_surveys":false},"aioseo_notices":[],"_links":{"self":[{"href":"https:\/\/m25laval.com\/fr\/wp-json\/wp\/v2\/pages\/699"}],"collection":[{"href":"https:\/\/m25laval.com\/fr\/wp-json\/wp\/v2\/pages"}],"about":[{"href":"https:\/\/m25laval.com\/fr\/wp-json\/wp\/v2\/types\/page"}],"author":[{"embeddable":true,"href":"https:\/\/m25laval.com\/fr\/wp-json\/wp\/v2\/users\/8"}],"replies":[{"embeddable":true,"href":"https:\/\/m25laval.com\/fr\/wp-json\/wp\/v2\/comments?post=699"}],"version-history":[{"count":2,"href":"https:\/\/m25laval.com\/fr\/wp-json\/wp\/v2\/pages\/699\/revisions"}],"predecessor-version":[{"id":701,"href":"https:\/\/m25laval.com\/fr\/wp-json\/wp\/v2\/pages\/699\/revisions\/701"}],"wp:attachment":[{"href":"https:\/\/m25laval.com\/fr\/wp-json\/wp\/v2\/media?parent=699"}],"curies":[{"name":"wp","href":"https:\/\/api.w.org\/{rel}","templated":true}]}}