{"id":646,"date":"2020-04-10T10:05:05","date_gmt":"2020-04-10T15:05:05","guid":{"rendered":"https:\/\/m25laval.com\/?page_id=646"},"modified":"2023-05-16T19:33:38","modified_gmt":"2023-05-17T00:33:38","slug":"le-centre-de-tennis-st-victor-de-laval-qc","status":"publish","type":"page","link":"https:\/\/m25laval.com\/fr\/le-centre-de-tennis-st-victor-de-laval-qc\/","title":{"rendered":"Le centre de tennis St-Victor"},"content":{"rendered":"<div class=\"nolwrap\">\n<style type=\"text\/css\" data-created_by=\"avia_inline_auto\" id=\"style-css-av-lglfibji-48c9121a6c346ada59fb5fd8b8399cf9\">\n#top .av_textblock_section.av-lglfibji-48c9121a6c346ada59fb5fd8b8399cf9 .avia_textblock{\nfont-size:17px;\ncolor:#000000;\n}\n<\/style>\n<section  class='av_textblock_section av-lglfibji-48c9121a6c346ada59fb5fd8b8399cf9'  itemscope=\"itemscope\" itemtype=\"https:\/\/schema.org\/CreativeWork\" ><div class='avia_textblock av_inherit_color'  itemprop=\"text\" ><h1>Pour nous rejoindre<\/h1>\n<p>N&#8217;h\u00e9sitez-pas \u00e0 nous contacter pour tout besoin d&#8217;information \u00e0 l&#8217;adresse suivante: <strong>info@m25laval.com<\/strong><\/p>\n<h4><span style=\"color: #ff4c62;\"><strong>LE CENTRE DE TENNIS SAINT-VICTOR\u00a0<\/strong><\/span><\/h4>\n<div>Il s\u2019agit du seul centre de tennis public en surface synth\u00e9tique \u00e0 Laval comportant un aussi grand nombre de terrains disponibles (6) et comprenant un encadrement et un suivi aussi rigoureux de la part d\u2019un nombre aussi important de moniteurs r\u00e9put\u00e9s !<\/div>\n<div><\/div>\n<div>De nombreuses am\u00e9liorations ont \u00e9t\u00e9 apport\u00e9es aux installations tennistiques du\u00a0<strong>Centre de tennis Saint-Victor<\/strong> en 2019. Ainsi, la Ville de Laval a proc\u00e9d\u00e9 \u00e0 la r\u00e9fection\u00a0 des courts, \u00e0 l\u2019installation de bancs et abris pour les joueurs. Le syst\u00e8me d&#8217;\u00e9clairage a \u00e9galement \u00e9t\u00e9 remplac\u00e9 par un syst\u00e8me d\u2019\u00e9clairage DEL qui poss\u00e8de les m\u00eames normes que le US Open.<img decoding=\"async\" loading=\"lazy\" class=\"aligncenter wp-image-890 size-full\" src=\"https:\/\/m25laval.com\/wp-content\/uploads\/2023\/03\/vue-aerienne-2.jpg\" alt=\"\" width=\"1368\" height=\"1121\" srcset=\"https:\/\/m25laval.com\/wp-content\/uploads\/2023\/03\/vue-aerienne-2.jpg 1368w, https:\/\/m25laval.com\/wp-content\/uploads\/2023\/03\/vue-aerienne-2-300x246.jpg 300w, https:\/\/m25laval.com\/wp-content\/uploads\/2023\/03\/vue-aerienne-2-1030x844.jpg 1030w, https:\/\/m25laval.com\/wp-content\/uploads\/2023\/03\/vue-aerienne-2-768x629.jpg 768w, https:\/\/m25laval.com\/wp-content\/uploads\/2023\/03\/vue-aerienne-2-705x578.jpg 705w\" sizes=\"(max-width: 1368px) 100vw, 1368px\" \/><\/div>\n<div><\/div>\n<p><iframe loading=\"lazy\" style=\"border: 0;\" tabindex=\"0\" src=\"https:\/\/www.google.com\/maps\/embed?pb=!1m18!1m12!1m3!1d2792.3613228064014!2d-73.67119373384347!3d45.58328073350964!2m3!1f0!2f0!3f0!3m2!1i1024!2i768!4f13.1!3m3!1m2!1s0x4cc921e3d34dee03%3A0xc39c52614f4f1e5a!2sParc%20Saint-Victor%2C%20Laval%2C%20QC%20H7E%204B8!5e0!3m2!1sfr!2sca!4v1586531767197!5m2!1sfr!2sca\" width=\"600\" height=\"450\" frameborder=\"0\" allowfullscreen=\"allowfullscreen\" aria-hidden=\"false\"><\/iframe><\/p>\n<\/div><\/section>\n<\/div>","protected":false},"excerpt":{"rendered":"<p>D\u00e9sol\u00e9, cet article est seulement disponible en anglais am\u00e9ricain.<\/p>\n","protected":false},"author":8,"featured_media":0,"parent":0,"menu_order":0,"comment_status":"closed","ping_status":"closed","template":"","meta":{"om_disable_all_campaigns":false,"_monsterinsights_skip_tracking":false,"_monsterinsights_sitenote_active":false,"_monsterinsights_sitenote_note":"","_monsterinsights_sitenote_category":0,"_uf_show_specific_survey":0,"_uf_disable_surveys":false},"aioseo_notices":[],"_links":{"self":[{"href":"https:\/\/m25laval.com\/fr\/wp-json\/wp\/v2\/pages\/646"}],"collection":[{"href":"https:\/\/m25laval.com\/fr\/wp-json\/wp\/v2\/pages"}],"about":[{"href":"https:\/\/m25laval.com\/fr\/wp-json\/wp\/v2\/types\/page"}],"author":[{"embeddable":true,"href":"https:\/\/m25laval.com\/fr\/wp-json\/wp\/v2\/users\/8"}],"replies":[{"embeddable":true,"href":"https:\/\/m25laval.com\/fr\/wp-json\/wp\/v2\/comments?post=646"}],"version-history":[{"count":22,"href":"https:\/\/m25laval.com\/fr\/wp-json\/wp\/v2\/pages\/646\/revisions"}],"predecessor-version":[{"id":1223,"href":"https:\/\/m25laval.com\/fr\/wp-json\/wp\/v2\/pages\/646\/revisions\/1223"}],"wp:attachment":[{"href":"https:\/\/m25laval.com\/fr\/wp-json\/wp\/v2\/media?parent=646"}],"curies":[{"name":"wp","href":"https:\/\/api.w.org\/{rel}","templated":true}]}}