{"id":643,"date":"2026-01-02T09:57:03","date_gmt":"2026-01-02T14:57:03","guid":{"rendered":"https:\/\/m25laval.com\/?page_id=643"},"modified":"2026-04-19T16:01:05","modified_gmt":"2026-04-19T21:01:05","slug":"le-tournoi","status":"publish","type":"page","link":"https:\/\/m25laval.com\/fr\/le-tournoi\/","title":{"rendered":"Le tournoi"},"content":{"rendered":"<div class=\"nolwrap\"><p>\n<style type=\"text\/css\" data-created_by=\"avia_inline_auto\" id=\"style-css-av-ls2oys72-3e7af19b579a642b165940040223b07e\">\n.avia-section.av-ls2oys72-3e7af19b579a642b165940040223b07e{\nbackground-repeat:no-repeat;\nbackground-image:url(https:\/\/m25laval.com\/wp-content\/uploads\/2024\/01\/banner-photo-parc-st-victor.jpg);\nbackground-position:50% 50%;\nbackground-attachment:scroll;\n}\n.avia-section.av-ls2oys72-3e7af19b579a642b165940040223b07e .av-section-color-overlay{\nopacity:0.7;\nbackground-color:#010c3e;\n}\n<\/style>\n<div id='av_section_1'  class='avia-section av-ls2oys72-3e7af19b579a642b165940040223b07e main_color avia-section-default avia-no-border-styling  avia-builder-el-0  el_before_av_textblock  avia-builder-el-first  avia-bg-style-scroll av-section-color-overlay-active container_wrap sidebar_right'  data-section-bg-repeat='no-repeat'><div class=\"av-section-color-overlay-wrap\"><div class=\"av-section-color-overlay\"><\/div><div class='container av-section-cont-open' ><main  role=\"main\" itemprop=\"mainContentOfPage\"  class='template-page content  av-content-small alpha units'><div class='post-entry post-entry-type-page post-entry-643'><div class='entry-content-wrapper clearfix'>\n\n<style type=\"text\/css\" data-created_by=\"avia_inline_auto\" id=\"style-css-av-ls2oz4zk-ea2927052e0a241819e07c8207408c15\">\n#top .hr.hr-invisible.av-ls2oz4zk-ea2927052e0a241819e07c8207408c15{\nheight:50px;\n}\n<\/style>\n<div  class='hr av-ls2oz4zk-ea2927052e0a241819e07c8207408c15 hr-invisible  avia-builder-el-1  el_before_av_heading  avia-builder-el-first '><span class='hr-inner '><span class=\"hr-inner-style\"><\/span><\/span><\/div>\n\n<style type=\"text\/css\" data-created_by=\"avia_inline_auto\" id=\"style-css-av-lesoe6zs-33796dfc07e0d8ecb75b26dd3b8eb3b3\">\n#top .av-special-heading.av-lesoe6zs-33796dfc07e0d8ecb75b26dd3b8eb3b3{\npadding-bottom:10px;\ncolor:#ffffff;\n}\nbody .av-special-heading.av-lesoe6zs-33796dfc07e0d8ecb75b26dd3b8eb3b3 .av-special-heading-tag .heading-char{\nfont-size:25px;\n}\n.av-special-heading.av-lesoe6zs-33796dfc07e0d8ecb75b26dd3b8eb3b3 .special-heading-inner-border{\nborder-color:#ffffff;\n}\n.av-special-heading.av-lesoe6zs-33796dfc07e0d8ecb75b26dd3b8eb3b3 .av-subheading{\nfont-size:15px;\n}\n<\/style>\n<div  class='av-special-heading av-lesoe6zs-33796dfc07e0d8ecb75b26dd3b8eb3b3 av-special-heading-h1 custom-color-heading blockquote modern-quote  avia-builder-el-2  el_after_av_hr  el_before_av_hr '><h1 class='av-special-heading-tag'  itemprop=\"headline\"  >Le tournoi<\/h1><div class=\"special-heading-border\"><div class=\"special-heading-inner-border\"><\/div><\/div><\/div>\n\n<style type=\"text\/css\" data-created_by=\"avia_inline_auto\" id=\"style-css-av-6v0gz-0cf2718c3589c95ce4df13aa16caf3af\">\n#top .hr.hr-invisible.av-6v0gz-0cf2718c3589c95ce4df13aa16caf3af{\nheight:50px;\n}\n<\/style>\n<div  class='hr av-6v0gz-0cf2718c3589c95ce4df13aa16caf3af hr-invisible  avia-builder-el-3  el_after_av_heading  avia-builder-el-last '><span class='hr-inner '><span class=\"hr-inner-style\"><\/span><\/span><\/div>\n<\/div><\/div><\/main><!-- close content main element --><\/div><\/div><\/div><div id='after_section_1'  class='main_color av_default_container_wrap container_wrap sidebar_right'  ><div class='container av-section-cont-open' ><div class='template-page content  av-content-small alpha units'><div class='post-entry post-entry-type-page post-entry-643'><div class='entry-content-wrapper clearfix'><\/p>\n\n<style type=\"text\/css\" data-created_by=\"avia_inline_auto\" id=\"style-css-av-7bilv-4fdd056b968b1b5ac6e1166b70102353\">\n#top .av_textblock_section.av-7bilv-4fdd056b968b1b5ac6e1166b70102353 .avia_textblock{\nfont-size:15px;\ncolor:#000000;\n}\n<\/style>\n<section  class='av_textblock_section av-7bilv-4fdd056b968b1b5ac6e1166b70102353'  itemscope=\"itemscope\" itemtype=\"https:\/\/schema.org\/CreativeWork\" ><div class='avia_textblock av_inherit_color'  itemprop=\"text\" ><p>La <strong>4e \u00e9dition<\/strong> du tournoi de tennis professionnel international aura lieu du <strong>5 au 12 juillet 2026<\/strong>\u00a0et accueillera des joueurs masculins class\u00e9s entre la 200<sup>e<\/sup> et la 1000<sup>e<\/sup> place au classement mondial.<\/p>\n<p>Ce tournoi attirera les joueurs qu\u00e9b\u00e9cois et canadiens mais recevra \u00e9galement des athl\u00e8tes provenant de plusieurs pays \u00e0 travers le monde. Ce sera une occasion unique d\u2019assurer un rayonnement \u00e0 l\u2019international car outre les visiteurs, les joueurs et les \u00e9quipes de soutien ainsi que les familles seront \u00e9galement pr\u00e9sentes dans certains cas. De plus, les matchs du tournoi seront diffus\u00e9s sur le site de l&#8217;ITF durant la semaine du tournoi.<\/p>\n<p>De concert avec Tennis Canada, le tournoi M25 Laval offrira donc pour une <strong>quatri\u00e8me ann\u00e9e<\/strong> son tournoi de tennis professionnel international au Centre de Tennis St-Victor. L&#8217;\u00e9v\u00e9nement comportera une bourse de 30 000$ US qui permettra aux champions et finalistes de gagner des points ITF et ATP.<\/p>\n<ul>\n<li>Tableau de qualification: 32 joueurs<\/li>\n<li>Tableau principal (simple): 32 joueurs<\/li>\n<li>Tableau du double: Plus de 16 \u00e9quipes<\/li>\n<\/ul>\n<p><a href=\"https:\/\/m25laval.com\/wp-content\/uploads\/2025\/12\/Horaire-2026.jpg\"><img decoding=\"async\" loading=\"lazy\" class=\"wp-image-1903 size-full aligncenter\" src=\"https:\/\/m25laval.com\/wp-content\/uploads\/2025\/12\/Horaire-2026.jpg\" alt=\"\" width=\"890\" height=\"539\" srcset=\"https:\/\/m25laval.com\/wp-content\/uploads\/2025\/12\/Horaire-2026.jpg 890w, https:\/\/m25laval.com\/wp-content\/uploads\/2025\/12\/Horaire-2026-300x182.jpg 300w, https:\/\/m25laval.com\/wp-content\/uploads\/2025\/12\/Horaire-2026-768x465.jpg 768w, https:\/\/m25laval.com\/wp-content\/uploads\/2025\/12\/Horaire-2026-705x427.jpg 705w\" sizes=\"(max-width: 890px) 100vw, 890px\" \/><\/a><\/p>\n<\/div><\/section>\n<p>\n<style type=\"text\/css\" data-created_by=\"avia_inline_auto\" id=\"style-css-av-leue3r6k-02c9a47235fe161cb2d7109a9d3789c8\">\n#top .av_textblock_section.av-leue3r6k-02c9a47235fe161cb2d7109a9d3789c8 .avia_textblock{\nfont-size:15px;\ncolor:#000000;\n}\n<\/style>\n<section  class='av_textblock_section av-leue3r6k-02c9a47235fe161cb2d7109a9d3789c8'  itemscope=\"itemscope\" itemtype=\"https:\/\/schema.org\/CreativeWork\" ><div class='avia_textblock av_inherit_color'  itemprop=\"text\" ><p>La mission du Tournoi M25 Laval est d&#8217;offrir la chance \u00e0 nos athl\u00e8tes qu\u00e9b\u00e9cois et canadiens de participer \u00e0 un tournoi de niveau international sur le territoire lavallois, de faire rayonner la r\u00e9gion lavalloise au niveau international et de promouvoir la pratique tennistique.<\/p>\n<p><strong>Acc\u00e8s local \u00e0 un tournoi de calibre international<\/strong><\/p>\n<p>En effet, il est difficile pour nos jeunes joueurs et joueuses de talent de d\u00e9crocher des points au classement de l\u2019ITF et de l\u2019ATP.\u00a0 D\u2019une part, les tournois ont lieu \u00e0 l\u2019\u00e9tranger et les co\u00fbts pour y participer sont prohibitifs (vols, h\u00f4tels, nourriture, entra\u00eeneurs, etc.), mais surtout les joueurs canadiens qui n&#8217;ont pas le classement requis ne peuvent participer et ne b\u00e9n\u00e9ficient pas de laissez-passer pour acc\u00e9der directement \u00e0 ces comp\u00e9titions. Le tournoi M25 Laval sera sans aucun doute un v\u00e9ritable tremplin pour nos athl\u00e8tes et fera briller Laval dans la communaut\u00e9 sportive internationale.<\/p>\n<p><strong>Promotion de la pratique du tennis<\/strong><\/p>\n<p>Le tennis gagne en popularit\u00e9. Les Internationaux de tennis du Canada, disput\u00e9s annuellement \u00e0 Montr\u00e9al, ne cessent de fracasser des records de foule. Cela d\u00e9montre bien la popularit\u00e9 grandissante de ce sport. En fait, le tennis est le 2<sup>e<\/sup> sport le plus populaire au Qu\u00e9bec, apr\u00e8s le hockey.<\/p>\n<p><strong>R\u00e9sultats 2025 :\u00a0 <\/strong><a href=\"https:\/\/m25laval.com\/wp-content\/uploads\/2026\/03\/2025-Tableau-simple-qualification.pdf\" target=\"_blank\" rel=\"noopener\">Qualifications<\/a>\u00a0 \u00a0 \u00a0 <a href=\"https:\/\/m25laval.com\/wp-content\/uploads\/2026\/03\/2025-Tableau-simple-principal-.pdf\" target=\"_blank\" rel=\"noopener\">Tableau du simple<\/a>\u00a0 \u00a0 <a href=\"https:\/\/m25laval.com\/wp-content\/uploads\/2026\/03\/2025-Tableau-double-principal.pdf\" target=\"_blank\" rel=\"noopener\">Tableau du double<\/a><\/p>\n<p><strong>R\u00e9sultats 2024<\/strong>\u00a0:\u00a0 <a href=\"https:\/\/m25laval.com\/wp-content\/uploads\/2025\/05\/2024-Tableau-simple-qualification.pdf\" target=\"_blank\" rel=\"noopener\">Qualifications<\/a>\u00a0 \u00a0 \u00a0 <a href=\"https:\/\/m25laval.com\/wp-content\/uploads\/2025\/05\/2024-Tableau-simple-principal-.pdf\" target=\"_blank\" rel=\"noopener\">Tableau du simple<\/a>\u00a0 \u00a0 <a href=\"https:\/\/m25laval.com\/wp-content\/uploads\/2025\/05\/2024-Tableau-double-principal-.pdf\" target=\"_blank\" rel=\"noopener\">Tableau du double<\/a><\/p>\n<p><strong>R\u00e9sultats 2023<\/strong> :\u00a0 <a href=\"https:\/\/m25laval.com\/wp-content\/uploads\/2024\/06\/Tableau-2023-simple-qualification.pdf\" target=\"_blank\" rel=\"noopener\">Qualifications<\/a>\u00a0 \u00a0 \u00a0 <a href=\"https:\/\/m25laval.com\/wp-content\/uploads\/2024\/06\/Tableau-simple-2023.pdf\" target=\"_blank\" rel=\"noopener\">Tableau du simple<\/a>\u00a0 \u00a0 <a href=\"https:\/\/m25laval.com\/wp-content\/uploads\/2024\/06\/Tableau-2023-double.pdf\" target=\"_blank\" rel=\"noopener\">Tableau du double<\/a><\/p>\n<\/div><\/section><\/p>\n<\/div>","protected":false},"excerpt":{"rendered":"","protected":false},"author":2,"featured_media":0,"parent":0,"menu_order":0,"comment_status":"closed","ping_status":"closed","template":"","meta":{"om_disable_all_campaigns":false,"_monsterinsights_skip_tracking":false,"_monsterinsights_sitenote_active":false,"_monsterinsights_sitenote_note":"","_monsterinsights_sitenote_category":0,"_uf_show_specific_survey":0,"_uf_disable_surveys":false},"aioseo_notices":[],"_links":{"self":[{"href":"https:\/\/m25laval.com\/fr\/wp-json\/wp\/v2\/pages\/643"}],"collection":[{"href":"https:\/\/m25laval.com\/fr\/wp-json\/wp\/v2\/pages"}],"about":[{"href":"https:\/\/m25laval.com\/fr\/wp-json\/wp\/v2\/types\/page"}],"author":[{"embeddable":true,"href":"https:\/\/m25laval.com\/fr\/wp-json\/wp\/v2\/users\/2"}],"replies":[{"embeddable":true,"href":"https:\/\/m25laval.com\/fr\/wp-json\/wp\/v2\/comments?post=643"}],"version-history":[{"count":59,"href":"https:\/\/m25laval.com\/fr\/wp-json\/wp\/v2\/pages\/643\/revisions"}],"predecessor-version":[{"id":1957,"href":"https:\/\/m25laval.com\/fr\/wp-json\/wp\/v2\/pages\/643\/revisions\/1957"}],"wp:attachment":[{"href":"https:\/\/m25laval.com\/fr\/wp-json\/wp\/v2\/media?parent=643"}],"curies":[{"name":"wp","href":"https:\/\/api.w.org\/{rel}","templated":true}]}}