{"id":1953,"date":"2026-04-16T08:33:33","date_gmt":"2026-04-16T13:33:33","guid":{"rendered":"https:\/\/m25laval.com\/?page_id=1953"},"modified":"2026-04-16T08:33:33","modified_gmt":"2026-04-16T13:33:33","slug":"editions","status":"publish","type":"page","link":"https:\/\/m25laval.com\/fr\/editions\/","title":{"rendered":"Comit\u00e9 organisateur"},"content":{"rendered":"<div class=\"nolwrap\"><p>\n<style type=\"text\/css\" data-created_by=\"avia_inline_auto\" id=\"style-css-av-j2czj-57a4812f794466005f3e1f22996da2e6\">\n.avia-section.av-j2czj-57a4812f794466005f3e1f22996da2e6{\nbackground-repeat:no-repeat;\nbackground-image:url(https:\/\/m25laval.com\/wp-content\/uploads\/2024\/01\/banner-photo-parc-st-victor.jpg);\nbackground-position:50% 50%;\nbackground-attachment:scroll;\n}\n.avia-section.av-j2czj-57a4812f794466005f3e1f22996da2e6 .av-section-color-overlay{\nopacity:0.7;\nbackground-color:#010c3e;\n}\n<\/style>\n<div id='av_section_1'  class='avia-section av-j2czj-57a4812f794466005f3e1f22996da2e6 main_color avia-section-default avia-no-border-styling  avia-builder-el-0  el_before_av_textblock  avia-builder-el-first  avia-bg-style-scroll av-section-color-overlay-active container_wrap sidebar_right'  data-section-bg-repeat='no-repeat'><div class=\"av-section-color-overlay-wrap\"><div class=\"av-section-color-overlay\"><\/div><div class='container av-section-cont-open' ><main  role=\"main\" itemprop=\"mainContentOfPage\"  class='template-page content  av-content-small alpha units'><div class='post-entry post-entry-type-page post-entry-1953'><div class='entry-content-wrapper clearfix'>\n\n<style type=\"text\/css\" data-created_by=\"avia_inline_auto\" id=\"style-css-av-gtu2f-9c0036bfab69a4ec1fafe05452b4d088\">\n#top .hr.hr-invisible.av-gtu2f-9c0036bfab69a4ec1fafe05452b4d088{\nheight:50px;\n}\n<\/style>\n<div  class='hr av-gtu2f-9c0036bfab69a4ec1fafe05452b4d088 hr-invisible  avia-builder-el-1  el_before_av_heading  avia-builder-el-first '><span class='hr-inner '><span class=\"hr-inner-style\"><\/span><\/span><\/div>\n\n<style type=\"text\/css\" data-created_by=\"avia_inline_auto\" id=\"style-css-av-ls2q08on-cade0669188c380699c8bb67e98ef70d\">\n#top .av-special-heading.av-ls2q08on-cade0669188c380699c8bb67e98ef70d{\npadding-bottom:10px;\ncolor:#ffffff;\n}\nbody .av-special-heading.av-ls2q08on-cade0669188c380699c8bb67e98ef70d .av-special-heading-tag .heading-char{\nfont-size:25px;\n}\n.av-special-heading.av-ls2q08on-cade0669188c380699c8bb67e98ef70d .special-heading-inner-border{\nborder-color:#ffffff;\n}\n.av-special-heading.av-ls2q08on-cade0669188c380699c8bb67e98ef70d .av-subheading{\nfont-size:15px;\n}\n<\/style>\n<div  class='av-special-heading av-ls2q08on-cade0669188c380699c8bb67e98ef70d av-special-heading-h1 custom-color-heading blockquote modern-quote  avia-builder-el-2  el_after_av_hr  el_before_av_hr '><h1 class='av-special-heading-tag'  itemprop=\"headline\"  >Comit\u00e9 organisateur<\/h1><div class=\"special-heading-border\"><div class=\"special-heading-inner-border\"><\/div><\/div><\/div>\n\n<style type=\"text\/css\" data-created_by=\"avia_inline_auto\" id=\"style-css-av-896yf-a981ea4d321c7fe9f68b65ca3a58a3cb\">\n#top .hr.hr-invisible.av-896yf-a981ea4d321c7fe9f68b65ca3a58a3cb{\nheight:50px;\n}\n<\/style>\n<div  class='hr av-896yf-a981ea4d321c7fe9f68b65ca3a58a3cb hr-invisible  avia-builder-el-3  el_after_av_heading  avia-builder-el-last '><span class='hr-inner '><span class=\"hr-inner-style\"><\/span><\/span><\/div>\n<\/div><\/div><\/main><!-- close content main element --><\/div><\/div><\/div><div id='after_section_1'  class='main_color av_default_container_wrap container_wrap sidebar_right'  ><div class='container av-section-cont-open' ><div class='template-page content  av-content-small alpha units'><div class='post-entry post-entry-type-page post-entry-1953'><div class='entry-content-wrapper clearfix'>\n<style type=\"text\/css\" data-created_by=\"avia_inline_auto\" id=\"style-css-av-ls2q2q8a-c23557637e3176e3c0f2d8de0475ad9f\">\n#top .av_textblock_section.av-ls2q2q8a-c23557637e3176e3c0f2d8de0475ad9f .avia_textblock{\nfont-size:16px;\ncolor:#000000;\n}\n<\/style>\n<section  class='av_textblock_section av-ls2q2q8a-c23557637e3176e3c0f2d8de0475ad9f'  itemscope=\"itemscope\" itemtype=\"https:\/\/schema.org\/CreativeWork\" ><div class='avia_textblock av_inherit_color'  itemprop=\"text\" ><div>\n<p>Sous le leadership de Claude Farmer, le comit\u00e9 organisateur du Tournoi M25 Laval est fier d\u2019avoir accompli sa mission depuis son premier tournoi en 2023. Merci \u00e0 tous.<\/p>\n<p>Plusieurs reconnaissances pour le tournoi et son comit\u00e9 ont \u00e9t\u00e9 re\u00e7ues depuis ses tout d\u00e9buts.<\/p>\n<\/div>\n<div><\/div>\n<\/div><\/section><\/p>\n<p><div id='av-masonry-1' class='av-masonry av-lyi1djps-9cca2394491aa5adb0b898586ed505d9 noHover av-fixed-size av-large-gap av-hover-overlay-active av-masonry-animation-active av-masonry-col-flexible av-caption-always av-caption-style- av-masonry-gallery ' data-post_id=\"1953\"><div class=\"av-masonry-container isotope av-js-disabled\"><div class='av-masonry-entry isotope-item av-masonry-item-no-image '><\/div><a href=\"https:\/\/m25laval.com\/wp-content\/uploads\/2024\/07\/20240707_173017350_iOS-1030x706.jpg\" data-srcset=\"https:\/\/m25laval.com\/wp-content\/uploads\/2024\/07\/20240707_173017350_iOS-1030x706.jpg 1030w, https:\/\/m25laval.com\/wp-content\/uploads\/2024\/07\/20240707_173017350_iOS-300x205.jpg 300w, https:\/\/m25laval.com\/wp-content\/uploads\/2024\/07\/20240707_173017350_iOS-768x526.jpg 768w, https:\/\/m25laval.com\/wp-content\/uploads\/2024\/07\/20240707_173017350_iOS-705x483.jpg 705w, https:\/\/m25laval.com\/wp-content\/uploads\/2024\/07\/20240707_173017350_iOS.jpg 1292w\" data-sizes=\"(max-width: 1030px) 100vw, 1030px\"  aria-label=\"image 20240707_173017350_iOS\"  id='av-masonry-1-item-1747' data-av-masonry-item='1747' class='av-masonry-entry isotope-item post-1747 attachment type-attachment status-inherit hentry  av-masonry-item-with-image' title=\"20240707_173017350_iOS\" alt=\"\"    itemprop=\"thumbnailUrl\" ><div class='av-inner-masonry-sizer'><\/div><figure class='av-inner-masonry main_color'><div class=\"av-masonry-outerimage-container\"><div class='av-masonry-image-container' style=\"background-image: url(https:\/\/m25laval.com\/wp-content\/uploads\/2024\/07\/20240707_173017350_iOS-705x483.jpg);\"  title=\"20240707_173017350_iOS\"  ><\/div><\/div><\/figure><\/a><!--end av-masonry entry--><\/div><\/div><\/p>\n<\/div>","protected":false},"excerpt":{"rendered":"","protected":false},"author":8,"featured_media":0,"parent":0,"menu_order":0,"comment_status":"closed","ping_status":"closed","template":"","meta":{"om_disable_all_campaigns":false,"_monsterinsights_skip_tracking":false,"_monsterinsights_sitenote_active":false,"_monsterinsights_sitenote_note":"","_monsterinsights_sitenote_category":0,"_uf_show_specific_survey":0,"_uf_disable_surveys":false},"aioseo_notices":[],"_links":{"self":[{"href":"https:\/\/m25laval.com\/fr\/wp-json\/wp\/v2\/pages\/1953"}],"collection":[{"href":"https:\/\/m25laval.com\/fr\/wp-json\/wp\/v2\/pages"}],"about":[{"href":"https:\/\/m25laval.com\/fr\/wp-json\/wp\/v2\/types\/page"}],"author":[{"embeddable":true,"href":"https:\/\/m25laval.com\/fr\/wp-json\/wp\/v2\/users\/8"}],"replies":[{"embeddable":true,"href":"https:\/\/m25laval.com\/fr\/wp-json\/wp\/v2\/comments?post=1953"}],"version-history":[{"count":1,"href":"https:\/\/m25laval.com\/fr\/wp-json\/wp\/v2\/pages\/1953\/revisions"}],"predecessor-version":[{"id":1954,"href":"https:\/\/m25laval.com\/fr\/wp-json\/wp\/v2\/pages\/1953\/revisions\/1954"}],"wp:attachment":[{"href":"https:\/\/m25laval.com\/fr\/wp-json\/wp\/v2\/media?parent=1953"}],"curies":[{"name":"wp","href":"https:\/\/api.w.org\/{rel}","templated":true}]}}