{"id":1787,"date":"2025-05-05T11:41:40","date_gmt":"2025-05-05T16:41:40","guid":{"rendered":"https:\/\/m25laval.com\/?page_id=1787"},"modified":"2025-05-05T11:47:42","modified_gmt":"2025-05-05T16:47:42","slug":"presidence-dhonneur","status":"publish","type":"page","link":"https:\/\/m25laval.com\/fr\/presidence-dhonneur\/","title":{"rendered":"Pr\u00e9sidence d&#8217;honneur"},"content":{"rendered":"<div class=\"nolwrap\">\n<style type=\"text\/css\" data-created_by=\"avia_inline_auto\" id=\"style-css-av-lgljjcjj-70b436103d5d46123e0626411d888972\">\n#top .av_textblock_section.av-lgljjcjj-70b436103d5d46123e0626411d888972 .avia_textblock{\nfont-size:15px;\ncolor:#000000;\n}\n<\/style>\n<section  class='av_textblock_section av-lgljjcjj-70b436103d5d46123e0626411d888972'  itemscope=\"itemscope\" itemtype=\"https:\/\/schema.org\/CreativeWork\" ><div class='avia_textblock av_inherit_color'  itemprop=\"text\" ><h2><strong>Mot du pr\u00e9sident<a href=\"https:\/\/m25laval.com\/wp-content\/uploads\/2025\/05\/2025_BSurin_1-scaled.jpg\"><img decoding=\"async\" loading=\"lazy\" class=\"wp-image-1788 alignright\" src=\"https:\/\/m25laval.com\/wp-content\/uploads\/2025\/05\/2025_BSurin_1-scaled.jpg\" alt=\"\" width=\"332\" height=\"221\" srcset=\"https:\/\/m25laval.com\/wp-content\/uploads\/2025\/05\/2025_BSurin_1-scaled.jpg 2560w, https:\/\/m25laval.com\/wp-content\/uploads\/2025\/05\/2025_BSurin_1-300x200.jpg 300w, https:\/\/m25laval.com\/wp-content\/uploads\/2025\/05\/2025_BSurin_1-1030x687.jpg 1030w, https:\/\/m25laval.com\/wp-content\/uploads\/2025\/05\/2025_BSurin_1-768x512.jpg 768w, https:\/\/m25laval.com\/wp-content\/uploads\/2025\/05\/2025_BSurin_1-1536x1024.jpg 1536w, https:\/\/m25laval.com\/wp-content\/uploads\/2025\/05\/2025_BSurin_1-2048x1365.jpg 2048w, https:\/\/m25laval.com\/wp-content\/uploads\/2025\/05\/2025_BSurin_1-1500x1000.jpg 1500w, https:\/\/m25laval.com\/wp-content\/uploads\/2025\/05\/2025_BSurin_1-705x470.jpg 705w\" sizes=\"(max-width: 332px) 100vw, 332px\" \/><\/a> d&#8217;honneur<\/strong><\/h2>\n<p>C\u2019est avec enthousiasme que je me joins au tournoi masculin professionnel de tennis M25 Laval en tant que pr\u00e9sident d\u2019honneur de cette 3e \u00e9dition. Je me r\u00e9jouis de prendre part \u00e0 ce rendez-vous international qui se d\u00e9roule \u00e0 Laval. C\u2019est une immense fiert\u00e9 pour moi de pouvoir c\u00f4toyer les futures vedettes de tennis qui progressent sur le circuit professionnel. Passionn\u00e9 par le sport, par le d\u00e9passement et l\u2019engagement de la communaut\u00e9 sportive d\u2019ici, je me pr\u00e9pare f\u00e9brilement \u00e0 vivre cette semaine de tennis qui nous offrira des matchs de haut calibre et des activit\u00e9s pour toute la famille.\u00a0 Le tournoi M25 Laval a d\u00e9j\u00e0 fait ses preuves depuis 2 ans d\u00e9j\u00e0 et la 3<sup>e<\/sup> \u00e9dition se classera sans aucun doute parmi les activit\u00e9s incontournables \u00e0 suivre du 29 juin au 6 juillet au Parc St-Victor de Laval.<\/p>\n<p><em><strong>Bruny Surin<\/strong><\/em><\/p>\n<p><b><span data-contrast=\"auto\">Pr\u00e9sident d&#8217;honneur du Tournoi M25 Laval 2025<\/span><\/b><\/p>\n<p><br class=\"avia-permanent-lb\" \/><br class=\"avia-permanent-lb\" \/><strong><span class=\"TextRun SCXW201897325 BCX8\" lang=\"FR-CA\" xml:lang=\"FR-CA\" data-contrast=\"none\"><span class=\"NormalTextRun SCXW201897325 BCX8\">BIOGRAPHIE<\/span><\/span><\/strong><\/p>\n<p>N\u00e9 en Ha\u00efti, Bruny Surin est l\u2019un des meilleurs sprinters au monde, ayant parcouru le 100 m\u00e8tres en 9,84 sec, l&#8217;un des plus rapide de tous les temps. Quadruple olympien, il a jou\u00e9 un r\u00f4le d\u00e9terminant dans l\u2019un des moments sportifs les plus importants du Canada en aidant son pays \u00e0 remporter l\u2019or au relais 4\u00d7100 m lors des Jeux olympiques d\u2019Atlanta, en 1996.<\/p>\n<p>Bruny est un conf\u00e9rencier motivateur parmi les plus populaires et un entrepreneur accompli qui a mis sur pied la <a href=\"https:\/\/www.surin.ca\/fondationbrunysurin\/a-propos-de-la-fondation\/\">Fondation Bruny Surin<\/a>, dont la mission est de faire la promotion d\u2019un mode de vie sain et actif aupr\u00e8s des jeunes et la lutte contre le d\u00e9crochage scolaire.<\/p>\n<p>Bruny Surin est notamment membre de l\u2019Ordre du Canada, membre de l\u2019Ordre du Qu\u00e9bec, membre au temple du Comit\u00e9 olympique du Canada et du Panth\u00e9on des sports canadiens.<\/p>\n<\/div><\/section>\n<\/div>","protected":false},"excerpt":{"rendered":"","protected":false},"author":8,"featured_media":0,"parent":0,"menu_order":0,"comment_status":"closed","ping_status":"closed","template":"","meta":{"om_disable_all_campaigns":false,"_monsterinsights_skip_tracking":false,"_monsterinsights_sitenote_active":false,"_monsterinsights_sitenote_note":"","_monsterinsights_sitenote_category":0,"_uf_show_specific_survey":0,"_uf_disable_surveys":false},"aioseo_notices":[],"_links":{"self":[{"href":"https:\/\/m25laval.com\/fr\/wp-json\/wp\/v2\/pages\/1787"}],"collection":[{"href":"https:\/\/m25laval.com\/fr\/wp-json\/wp\/v2\/pages"}],"about":[{"href":"https:\/\/m25laval.com\/fr\/wp-json\/wp\/v2\/types\/page"}],"author":[{"embeddable":true,"href":"https:\/\/m25laval.com\/fr\/wp-json\/wp\/v2\/users\/8"}],"replies":[{"embeddable":true,"href":"https:\/\/m25laval.com\/fr\/wp-json\/wp\/v2\/comments?post=1787"}],"version-history":[{"count":5,"href":"https:\/\/m25laval.com\/fr\/wp-json\/wp\/v2\/pages\/1787\/revisions"}],"predecessor-version":[{"id":1792,"href":"https:\/\/m25laval.com\/fr\/wp-json\/wp\/v2\/pages\/1787\/revisions\/1792"}],"wp:attachment":[{"href":"https:\/\/m25laval.com\/fr\/wp-json\/wp\/v2\/media?parent=1787"}],"curies":[{"name":"wp","href":"https:\/\/api.w.org\/{rel}","templated":true}]}}