{"id":1501,"date":"2024-03-16T19:37:50","date_gmt":"2024-03-17T00:37:50","guid":{"rendered":"https:\/\/m25laval.com\/?page_id=1501"},"modified":"2024-03-16T19:51:08","modified_gmt":"2024-03-17T00:51:08","slug":"media","status":"publish","type":"page","link":"https:\/\/m25laval.com\/fr\/media\/","title":{"rendered":"Communiqu\u00e9s de presse"},"content":{"rendered":"<div class=\"nolwrap\">\n<style type=\"text\/css\" data-created_by=\"avia_inline_auto\" id=\"style-css-av-ls2oys72-3e7af19b579a642b165940040223b07e\">\n.avia-section.av-ls2oys72-3e7af19b579a642b165940040223b07e{\nbackground-repeat:no-repeat;\nbackground-image:url(https:\/\/m25laval.com\/wp-content\/uploads\/2024\/01\/banner-photo-parc-st-victor.jpg);\nbackground-position:50% 50%;\nbackground-attachment:scroll;\n}\n.avia-section.av-ls2oys72-3e7af19b579a642b165940040223b07e .av-section-color-overlay{\nopacity:0.7;\nbackground-color:#010c3e;\n}\n<\/style>\n<div id='av_section_1'  class='avia-section av-ls2oys72-3e7af19b579a642b165940040223b07e main_color avia-section-default avia-no-border-styling  avia-builder-el-0  el_before_av_textblock  avia-builder-el-first  avia-bg-style-scroll av-section-color-overlay-active container_wrap sidebar_right'  data-section-bg-repeat='no-repeat'><div class=\"av-section-color-overlay-wrap\"><div class=\"av-section-color-overlay\"><\/div><div class='container av-section-cont-open' ><main  role=\"main\" itemprop=\"mainContentOfPage\"  class='template-page content  av-content-small alpha units'><div class='post-entry post-entry-type-page post-entry-1501'><div class='entry-content-wrapper clearfix'>\n\n<style type=\"text\/css\" data-created_by=\"avia_inline_auto\" id=\"style-css-av-ls2oz4zk-ea2927052e0a241819e07c8207408c15\">\n#top .hr.hr-invisible.av-ls2oz4zk-ea2927052e0a241819e07c8207408c15{\nheight:50px;\n}\n<\/style>\n<div  class='hr av-ls2oz4zk-ea2927052e0a241819e07c8207408c15 hr-invisible  avia-builder-el-1  el_before_av_heading  avia-builder-el-first '><span class='hr-inner '><span class=\"hr-inner-style\"><\/span><\/span><\/div>\n\n<style type=\"text\/css\" data-created_by=\"avia_inline_auto\" id=\"style-css-av-lesoe6zs-4a95e25f75a13deb97d5bf2f5bfce1f5\">\n#top .av-special-heading.av-lesoe6zs-4a95e25f75a13deb97d5bf2f5bfce1f5{\npadding-bottom:10px;\ncolor:#ffffff;\n}\nbody .av-special-heading.av-lesoe6zs-4a95e25f75a13deb97d5bf2f5bfce1f5 .av-special-heading-tag .heading-char{\nfont-size:25px;\n}\n.av-special-heading.av-lesoe6zs-4a95e25f75a13deb97d5bf2f5bfce1f5 .special-heading-inner-border{\nborder-color:#ffffff;\n}\n.av-special-heading.av-lesoe6zs-4a95e25f75a13deb97d5bf2f5bfce1f5 .av-subheading{\nfont-size:15px;\n}\n<\/style>\n<div  class='av-special-heading av-lesoe6zs-4a95e25f75a13deb97d5bf2f5bfce1f5 av-special-heading-h1 custom-color-heading blockquote modern-quote  avia-builder-el-2  el_after_av_hr  el_before_av_hr '><h1 class='av-special-heading-tag'  itemprop=\"headline\"  >Communiqu\u00e9s de presse<\/h1><div class=\"special-heading-border\"><div class=\"special-heading-inner-border\"><\/div><\/div><\/div>\n\n<style type=\"text\/css\" data-created_by=\"avia_inline_auto\" id=\"style-css-av-6v0gz-0cf2718c3589c95ce4df13aa16caf3af\">\n#top .hr.hr-invisible.av-6v0gz-0cf2718c3589c95ce4df13aa16caf3af{\nheight:50px;\n}\n<\/style>\n<div  class='hr av-6v0gz-0cf2718c3589c95ce4df13aa16caf3af hr-invisible  avia-builder-el-3  el_after_av_heading  avia-builder-el-last '><span class='hr-inner '><span class=\"hr-inner-style\"><\/span><\/span><\/div>\n<\/div><\/div><\/main><!-- close content main element --><\/div><\/div><\/div><div id='after_section_1'  class='main_color av_default_container_wrap container_wrap sidebar_right'  ><div class='container av-section-cont-open' ><div class='template-page content  av-content-small alpha units'><div class='post-entry post-entry-type-page post-entry-1501'><div class='entry-content-wrapper clearfix'>\n<style type=\"text\/css\" data-created_by=\"avia_inline_auto\" id=\"style-css-av-7bilv-4fdd056b968b1b5ac6e1166b70102353\">\n#top .av_textblock_section.av-7bilv-4fdd056b968b1b5ac6e1166b70102353 .avia_textblock{\nfont-size:15px;\ncolor:#000000;\n}\n<\/style>\n<section  class='av_textblock_section av-7bilv-4fdd056b968b1b5ac6e1166b70102353'  itemscope=\"itemscope\" itemtype=\"https:\/\/schema.org\/CreativeWork\" ><div class='avia_textblock av_inherit_color'  itemprop=\"text\" >\n<table id=\"tablepress-2\" class=\"tablepress tablepress-id-2\">\n<thead>\n<tr class=\"row-1 odd\">\n\t<th class=\"column-1\">Date<\/th><th class=\"column-2\">Titre<\/th><th class=\"column-3\">Document<\/th>\n<\/tr>\n<\/thead>\n<tbody class=\"row-hover\">\n<tr class=\"row-2 even\">\n\t<td class=\"column-1\">2025-07-07<\/td><td class=\"column-2\">Article : Tennis Canada - Chan remporte le titre de double \u00e0 Laval, tandis que Boulais s\u2019incline en finale du simple<\/td><td class=\"column-3\"><a href=\"https:\/\/www.tenniscanada.com\/fr\/nouvelles\/tournois-nationaux\/2025\/chan-remporte-le-titre-de-double-%C3%A0-laval-tandis-que-boulais-sincline-en-finale-du-simple\" title=\"Acc\u00e9der\" rel=\"noopener\" target=\"_blank\">Acc\u00e9der<\/a><\/td>\n<\/tr>\n<tr class=\"row-3 odd\">\n\t<td class=\"column-1\">2025-07-02<\/td><td class=\"column-2\">Article : La Presse - Des espoirs prennent leur \u00e9lan \u00e0 Laval<\/td><td class=\"column-3\"><a href=\"https:\/\/www.lapresse.ca\/sports\/tennis\/2025-07-02\/tournoi-itf-m25\/des-espoirs-prennent-leur-elan-a-laval.php?sharing=true\" title=\"Acc\u00e9der\" rel=\"noopener\" target=\"_blank\">Acc\u00e9der<\/a><\/td>\n<\/tr>\n<tr class=\"row-4 even\">\n\t<td class=\"column-1\">2025-06-24<\/td><td class=\"column-2\">Capsule : Annonce radio 98,5 FM<\/td><td class=\"column-3\"><a href=\"https:\/\/m25laval.com\/wp-content\/uploads\/2025\/06\/AMS5192-30s-Tournoi-M25-Laval.mp3\" title=\"\u00c9couter\" rel=\"noopener\" target=\"_blank\">\u00c9couter<\/a><\/td>\n<\/tr>\n<tr class=\"row-5 odd\">\n\t<td class=\"column-1\">2025-06-20<\/td><td class=\"column-2\">Article : Courrier Laval - Le tennis professionnel mondial s\u2019invite pour une 3e fois \u00e0 Laval<\/td><td class=\"column-3\"><a href=\"https:\/\/courrierlaval.com\/tennis-professionnel-mondial-invite-3-fois-laval\/\" title=\"Acc\u00e9der\" rel=\"noopener\" target=\"_blank\">Acc\u00e9der<\/a><\/td>\n<\/tr>\n<tr class=\"row-6 even\">\n\t<td class=\"column-1\">2025-06-19<\/td><td class=\"column-2\">Communiqu\u00e9 de presse : Lancement officiel du Tournoi M25 Laval 3e \u00e9dition<\/td><td class=\"column-3\"><a href=\"https:\/\/m25laval.com\/wp-content\/uploads\/2025\/06\/Communique-de-presse_M25-Juin-2025_Laval-2.pdf\" title=\"T\u00e9l\u00e9charger\" rel=\"noopener\" target=\"_blank\">T\u00e9l\u00e9charger<\/a><\/td>\n<\/tr>\n<tr class=\"row-7 odd\">\n\t<td class=\"column-1\">2025-05-13<\/td><td class=\"column-2\">Article : Courrier Laval - Bruny Surin pr\u00e9sident d\u2019honneur d\u2019un tournoi de tennis professionnel \u00e0 Laval<\/td><td class=\"column-3\"><a href=\"https:\/\/courrierlaval.com\/bruny-surin-president-honneur-tournoi-tennis-laval\/\" title=\"Acc\u00e9der\" rel=\"noopener\" target=\"_blank\">Acc\u00e9der<\/a><\/td>\n<\/tr>\n<tr class=\"row-8 even\">\n\t<td class=\"column-1\">2025-05-05<\/td><td class=\"column-2\">Communiqu\u00e9 de presse : Bruny Surin sera le pr\u00e9sident d'honneur pour l'\u00e9dition 2025<\/td><td class=\"column-3\"><a href=\"https:\/\/m25laval.com\/wp-content\/uploads\/2025\/05\/Communique_annonce-Bruny-Surin_tournoi-tennis-M25-VF.pdf\" title=\"T\u00e9l\u00e9charger\" rel=\"noopener\" target=\"_blank\">T\u00e9l\u00e9charger<\/a><\/td>\n<\/tr>\n<tr class=\"row-9 odd\">\n\t<td class=\"column-1\">2024-07-08<\/td><td class=\"column-2\">Article : Tennis Canada - Spizzirri, premier champion masculin de 2024 au Canada \u00e0 Laval<\/td><td class=\"column-3\"><a href=\"https:\/\/www.tenniscanada.com\/fr\/news\/spizzirri-premier-champion-masculin-de-2024-au-canada-a-laval\/\" title=\"Acc\u00e9der\" rel=\"noopener\" target=\"_blank\">Acc\u00e9der<\/a><\/td>\n<\/tr>\n<tr class=\"row-10 even\">\n\t<td class=\"column-1\">2024-06-24<\/td><td class=\"column-2\">Article : Courrier Laval - Laval accueille son deuxi\u00e8me tournoi de tennis M25<\/td><td class=\"column-3\"><a href=\"https:\/\/courrierlaval.com\/laval-accueille-son-deuxieme-tournoi-de-tennis-m25\/\" title=\"Acc\u00e9der\" rel=\"noopener\" target=\"_blank\">Acc\u00e9der<\/a><\/td>\n<\/tr>\n<tr class=\"row-11 odd\">\n\t<td class=\"column-1\">2024-06-20<\/td><td class=\"column-2\">Communiqu\u00e9 de presse : Annonce officielle de la 2e \u00e9dition<\/td><td class=\"column-3\"><a href=\"https:\/\/m25laval.com\/wp-content\/uploads\/2024\/06\/2024-06-21_communique_de_presse.pdf\" title=\"T\u00e9l\u00e9charger\" rel=\"noopener\" target=\"_blank\">T\u00e9l\u00e9charger<\/a><\/td>\n<\/tr>\n<tr class=\"row-12 even\">\n\t<td class=\"column-1\">2024-06-03<\/td><td class=\"column-2\">Capsule : Entrevue avec Aleksandra Wozniak sur Global News<\/td><td class=\"column-3\"><a href=\"https:\/\/na01.safelinks.protection.outlook.com\/?url=https%3A%2F%2Fglobalnews.ca%2Fvideo%2F10541207%2Fm25-laval-tennis-tournament&amp;data=05%7C02%7C%7C4a07c8efef1d49d0bb9b08dc86227a23%7C84df9e7fe9f640afb435aaaaaaaaaaaa%7C1%7C0%7C638532729849563813%7CUnknown%7CTWFpbGZsb3d8eyJWIjoiMC4wLjAwMDAiLCJQIjoiV2luMzIiLCJBTiI6Ik1haWwiLCJXVCI6Mn0%3D%7C0%7C%7C%7C&amp;sdata=Gzd7hq1%2FYHc4scV9hihVPzPF7mV%2BeqSY3RY8Ii9F2Cw%3D&amp;reserved=0\" title=\"Acc\u00e9der\" rel=\"noopener\" target=\"_blank\">Acc\u00e9der<\/a><\/td>\n<\/tr>\n<tr class=\"row-13 odd\">\n\t<td class=\"column-1\">2024-04-23<\/td><td class=\"column-2\">Reconnaissance : Tournament Recognition Award from ITF World Tennis Tour<\/td><td class=\"column-3\"><a href=\"https:\/\/m25laval.com\/wp-content\/uploads\/2024\/04\/2023-M25-Laval-Certificate.pdf\" title=\"T\u00e9l\u00e9charger\" rel=\"noopener\" target=\"_blank\">T\u00e9l\u00e9charger<\/a><\/td>\n<\/tr>\n<tr class=\"row-14 even\">\n\t<td class=\"column-1\">2024-04-12<\/td><td class=\"column-2\">Annonce : Recrutement de b\u00e9n\u00e9voles et vente de billet<\/td><td class=\"column-3\"><a href=\"https:\/\/m25laval.com\/wp-content\/uploads\/2024\/04\/2024-annonce-benevoles.pdf\" title=\"T\u00e9l\u00e9charger\" rel=\"noopener\" target=\"_blank\">T\u00e9l\u00e9charger<\/a><\/td>\n<\/tr>\n<tr class=\"row-15 odd\">\n\t<td class=\"column-1\">2024-03-12<\/td><td class=\"column-2\">Annonce : Aleksandra Wozniak sera la pr\u00e9sidente d'honneur pour l'\u00e9dition 2024, du 30 juin au 7 juillet 2024.<\/td><td class=\"column-3\"><a href=\"https:\/\/m25laval.com\/wp-content\/uploads\/2024\/03\/AW-annonce.pdf\" title=\"T\u00e9l\u00e9charger\" rel=\"noopener\" target=\"_blank\">T\u00e9l\u00e9charger<\/a><\/td>\n<\/tr>\n<tr class=\"row-16 even\">\n\t<td class=\"column-1\">2024-03-12<\/td><td class=\"column-2\">Communiqu\u00e9 de presse : Aleksandra Wozniak sera la pr\u00e9sidente d'honneur pour l'\u00e9dition 2024<\/td><td class=\"column-3\"><a href=\"https:\/\/m25laval.com\/wp-content\/uploads\/2024\/04\/Communique_annonce-ALEKSANDRA-WOZNIAK.pdf\" title=\"T\u00e9l\u00e9charger\" rel=\"noopener\" target=\"_blank\">T\u00e9l\u00e9charger<\/a><\/td>\n<\/tr>\n<\/tbody>\n<\/table>\n<!-- #tablepress-2 from cache -->\n<\/div><\/section><\/p>\n\n<style type=\"text\/css\" data-created_by=\"avia_inline_auto\" id=\"style-css-av-leue3r6k-02c9a47235fe161cb2d7109a9d3789c8\">\n#top .av_textblock_section.av-leue3r6k-02c9a47235fe161cb2d7109a9d3789c8 .avia_textblock{\nfont-size:15px;\ncolor:#000000;\n}\n<\/style>\n<section  class='av_textblock_section av-leue3r6k-02c9a47235fe161cb2d7109a9d3789c8'  itemscope=\"itemscope\" itemtype=\"https:\/\/schema.org\/CreativeWork\" ><div class='avia_textblock av_inherit_color'  itemprop=\"text\" ><\/div><\/section>\n<\/div>","protected":false},"excerpt":{"rendered":"<p>D\u00e9sol\u00e9, cet article est seulement disponible en anglais am\u00e9ricain.<\/p>\n","protected":false},"author":8,"featured_media":0,"parent":0,"menu_order":0,"comment_status":"closed","ping_status":"closed","template":"","meta":{"om_disable_all_campaigns":false,"_monsterinsights_skip_tracking":false,"_monsterinsights_sitenote_active":false,"_monsterinsights_sitenote_note":"","_monsterinsights_sitenote_category":0,"_uf_show_specific_survey":0,"_uf_disable_surveys":false},"aioseo_notices":[],"_links":{"self":[{"href":"https:\/\/m25laval.com\/fr\/wp-json\/wp\/v2\/pages\/1501"}],"collection":[{"href":"https:\/\/m25laval.com\/fr\/wp-json\/wp\/v2\/pages"}],"about":[{"href":"https:\/\/m25laval.com\/fr\/wp-json\/wp\/v2\/types\/page"}],"author":[{"embeddable":true,"href":"https:\/\/m25laval.com\/fr\/wp-json\/wp\/v2\/users\/8"}],"replies":[{"embeddable":true,"href":"https:\/\/m25laval.com\/fr\/wp-json\/wp\/v2\/comments?post=1501"}],"version-history":[{"count":5,"href":"https:\/\/m25laval.com\/fr\/wp-json\/wp\/v2\/pages\/1501\/revisions"}],"predecessor-version":[{"id":1505,"href":"https:\/\/m25laval.com\/fr\/wp-json\/wp\/v2\/pages\/1501\/revisions\/1505"}],"wp:attachment":[{"href":"https:\/\/m25laval.com\/fr\/wp-json\/wp\/v2\/media?parent=1501"}],"curies":[{"name":"wp","href":"https:\/\/api.w.org\/{rel}","templated":true}]}}