{"id":1301,"date":"2024-01-31T03:01:30","date_gmt":"2024-01-31T08:01:30","guid":{"rendered":"https:\/\/m25laval.com\/?page_id=1301"},"modified":"2024-01-31T03:04:18","modified_gmt":"2024-01-31T08:04:18","slug":"politique-de-confidentialite-et-de-gestion-des-temoins","status":"publish","type":"page","link":"https:\/\/m25laval.com\/fr\/politique-de-confidentialite-et-de-gestion-des-temoins\/","title":{"rendered":"Politique de confidentialit\u00e9 et de gestion des t\u00e9moins"},"content":{"rendered":"<div class=\"nolwrap\"><div class='flex_column av-av_one_half-7714eba142aeda1f8b5272a3c372b279 av_one_half  avia-builder-el-0  el_before_av_one_half  avia-builder-el-first  first flex_column_div '     ><p>\n<style type=\"text\/css\" data-created_by=\"avia_inline_auto\" id=\"style-css-av-lesoe6zs-3b9e735e7afe15d7b093f262c93ce8b8\">\n#top .av-special-heading.av-lesoe6zs-3b9e735e7afe15d7b093f262c93ce8b8{\npadding-bottom:10px;\n}\nbody .av-special-heading.av-lesoe6zs-3b9e735e7afe15d7b093f262c93ce8b8 .av-special-heading-tag .heading-char{\nfont-size:25px;\n}\n.av-special-heading.av-lesoe6zs-3b9e735e7afe15d7b093f262c93ce8b8 .av-subheading{\nfont-size:15px;\n}\n<\/style>\n<div  class='av-special-heading av-lesoe6zs-3b9e735e7afe15d7b093f262c93ce8b8 av-special-heading-h1 blockquote modern-quote  avia-builder-el-1  el_before_av_textblock  avia-builder-el-first  av-thin-font'><h1 class='av-special-heading-tag'  itemprop=\"headline\"  >Prot\u00e9ger votre vie priv\u00e9e est notre priorit\u00e9<strong>.<\/strong><\/h1><div class=\"special-heading-border\"><div class=\"special-heading-inner-border\"><\/div><\/div><\/div><br \/>\n\n<style type=\"text\/css\" data-created_by=\"avia_inline_auto\" id=\"style-css-av-7bilv-4fdd056b968b1b5ac6e1166b70102353\">\n#top .av_textblock_section.av-7bilv-4fdd056b968b1b5ac6e1166b70102353 .avia_textblock{\nfont-size:15px;\ncolor:#000000;\n}\n<\/style>\n<section  class='av_textblock_section av-7bilv-4fdd056b968b1b5ac6e1166b70102353'  itemscope=\"itemscope\" itemtype=\"https:\/\/schema.org\/CreativeWork\" ><div class='avia_textblock av_inherit_color'  itemprop=\"text\" ><p>Au M25 de Laval, nous comprenons l&#8217;importance de la protection de votre vie priv\u00e9e. Nous nous engageons \u00e0 gagner et \u00e0 conserver votre confiance. Dans un monde o\u00f9 les technologies et les donn\u00e9es se multiplient \u00e0 un rythme effr\u00e9n\u00e9, il n&#8217;est pas toujours facile de savoir comment nos informations personnelles sont utilis\u00e9es. Le M25 s&#8217;engage \u00e0 \u00eatre transparente et \u00e0 expliquer clairement \u00e0 ses visiteurs les mesures prises pour prot\u00e9ger leur vie priv\u00e9e.<\/p>\n<\/div><\/section><\/p><\/div><div class='flex_column av-av_one_half-f1c518e9ff58e869f80c8f093487abc9 av_one_half  avia-builder-el-3  el_after_av_one_half  el_before_av_textblock  flex_column_div '     ><style type=\"text\/css\" data-created_by=\"avia_inline_auto\" id=\"style-css-av-ls1hcvvq-bb5d7a5fe97212d10bcda1710f3c051e\">\n.avia-image-container.av-ls1hcvvq-bb5d7a5fe97212d10bcda1710f3c051e img.avia_image{\nbox-shadow:none;\n}\n.avia-image-container.av-ls1hcvvq-bb5d7a5fe97212d10bcda1710f3c051e .av-image-caption-overlay-center{\ncolor:#ffffff;\n}\n<\/style>\n<div  class='avia-image-container av-ls1hcvvq-bb5d7a5fe97212d10bcda1710f3c051e av-styling- avia-align-center  avia-builder-el-4  avia-builder-el-no-sibling '   itemprop=\"image\" itemscope=\"itemscope\" itemtype=\"https:\/\/schema.org\/ImageObject\" ><div class=\"avia-image-container-inner\"><div class=\"avia-image-overlay-wrap\"><img decoding=\"async\" class='wp-image-1289 avia-img-lazy-loading-not-1289 avia_image ' src=\"https:\/\/m25laval.com\/wp-content\/uploads\/2024\/01\/400-tennis-canada.png\" alt='' title='400-tennis-canada'  height=\"206\" width=\"400\"  itemprop=\"thumbnailUrl\" srcset=\"https:\/\/m25laval.com\/wp-content\/uploads\/2024\/01\/400-tennis-canada.png 400w, https:\/\/m25laval.com\/wp-content\/uploads\/2024\/01\/400-tennis-canada-300x155.png 300w\" sizes=\"(max-width: 400px) 100vw, 400px\" \/><\/div><\/div><\/div><\/div>\n<style type=\"text\/css\" data-created_by=\"avia_inline_auto\" id=\"style-css-av-leue3r6k-02c9a47235fe161cb2d7109a9d3789c8\">\n#top .av_textblock_section.av-leue3r6k-02c9a47235fe161cb2d7109a9d3789c8 .avia_textblock{\nfont-size:15px;\ncolor:#000000;\n}\n<\/style>\n<section  class='av_textblock_section av-leue3r6k-02c9a47235fe161cb2d7109a9d3789c8'  itemscope=\"itemscope\" itemtype=\"https:\/\/schema.org\/CreativeWork\" ><div class='avia_textblock av_inherit_color'  itemprop=\"text\" ><p>Le site Internet du tournoi M25 de Laval peut utiliser des fichiers t\u00e9moins (\u00ab cookies \u00bb), des balises Internet, des pixels invisibles, des fichiers journal ou autres technologies pour collecter certains renseignements personnels relatifs aux visiteurs sur notre site Web https:\/\/m25laval.com\/, ainsi que sur les destinataires de nos infolettres, invitations et autres communications. Les t\u00e9moins sont des \u00e9l\u00e9ments d&#8217;information transmis par le serveur au navigateur lors d&#8217;une visite du site Internet et qui permettent d&#8217;identifier de fa\u00e7on unique la connexion en cours. Ces donn\u00e9es peuvent inclure des informations telles que votre adresse Internet (IP), le type de navigateur, la version du navigateur, les pages de notre site que vous consultez, l\u2019heure et la date de votre visite, le temps de consultation et toutes autres statistiques.<\/p>\n<p>Il est important de savoir que l&#8217;activation de l&#8217;option t\u00e9moins peut, selon la configuration choisie, permettre \u00e0 d&#8217;autres serveurs d&#8217;installer des t\u00e9moins sur votre syst\u00e8me. Vous pouvez d\u00e9finir les param\u00e8tres de votre navigateur pour qu&#8217;il vous informe de la pr\u00e9sence de t\u00e9moins, vous laissant ainsi la possibilit\u00e9 de les accepter ou de les refuser.<\/p>\n<p>Si vous avez des questions concernant la mani\u00e8re dont nous utilisons les t\u00e9moins, vous pouvez communiquer avec nous \u00e0 l\u2019adresse suivante : info@m25laval.com<\/p>\n<p>Veuillez noter que notre site web pourrait contenir des liens ou renvois vers des sites de tierces parties. La pr\u00e9sente politique cesse de s\u2019appliquer au moment de quitter notre site web et le tournoi M25 de Laval n\u2019est pas responsable de la collecte ou du traitement de renseignements personnels par ces tiers ou via ces sources externes.<\/p>\n<\/div><\/section><\/p>\n<div class='flex_column av-7adpn-2a41ea4c7a74870dce637721b6eba8e4 av_one_full  avia-builder-el-6  el_after_av_textblock  el_before_av_one_full  first flex_column_div column-top-margin'     ><\/div>\n<div class='flex_column av-1oowr-5968b23db04b00a28eb2476efa284f26 av_one_full  avia-builder-el-7  el_after_av_one_full  el_before_av_one_full  first flex_column_div column-top-margin'     ><\/div>\n<div class='flex_column av-bnf9f-86075cd3df38f011ce594bbed907d440 av_one_full  avia-builder-el-8  el_after_av_one_full  el_before_av_one_full  first flex_column_div column-top-margin'     ><\/div>\n<div class='flex_column av-8desz-38429535aec4a41677c0efbaea1ebc78 av_one_full  avia-builder-el-9  el_after_av_one_full  el_before_av_one_full  first flex_column_div column-top-margin'     ><\/div>\n<div class='flex_column av-ck2ez-0850dc7274f8fbb98bb5cded0aced46d av_one_full  avia-builder-el-10  el_after_av_one_full  el_before_av_one_full  first flex_column_div column-top-margin'     ><\/div>\n<div class='flex_column av-7qhyj-a50cf00338f10b3ab921e38c9fbdf3ff av_one_full  avia-builder-el-11  el_after_av_one_full  el_before_av_one_full  first flex_column_div column-top-margin'     ><\/div>\n<div class='flex_column av-au58z-14cfe9c3922aedb5d98a00afab540f3c av_one_full  avia-builder-el-12  el_after_av_one_full  avia-builder-el-last  first flex_column_div column-top-margin'     ><\/div>\n<\/div>","protected":false},"excerpt":{"rendered":"<p>D\u00e9sol\u00e9, cet article est seulement disponible en anglais am\u00e9ricain.<\/p>\n","protected":false},"author":5,"featured_media":0,"parent":0,"menu_order":0,"comment_status":"closed","ping_status":"closed","template":"","meta":{"om_disable_all_campaigns":false,"_monsterinsights_skip_tracking":false,"_monsterinsights_sitenote_active":false,"_monsterinsights_sitenote_note":"","_monsterinsights_sitenote_category":0,"_uf_show_specific_survey":0,"_uf_disable_surveys":false},"aioseo_notices":[],"_links":{"self":[{"href":"https:\/\/m25laval.com\/fr\/wp-json\/wp\/v2\/pages\/1301"}],"collection":[{"href":"https:\/\/m25laval.com\/fr\/wp-json\/wp\/v2\/pages"}],"about":[{"href":"https:\/\/m25laval.com\/fr\/wp-json\/wp\/v2\/types\/page"}],"author":[{"embeddable":true,"href":"https:\/\/m25laval.com\/fr\/wp-json\/wp\/v2\/users\/5"}],"replies":[{"embeddable":true,"href":"https:\/\/m25laval.com\/fr\/wp-json\/wp\/v2\/comments?post=1301"}],"version-history":[{"count":2,"href":"https:\/\/m25laval.com\/fr\/wp-json\/wp\/v2\/pages\/1301\/revisions"}],"predecessor-version":[{"id":1303,"href":"https:\/\/m25laval.com\/fr\/wp-json\/wp\/v2\/pages\/1301\/revisions\/1303"}],"wp:attachment":[{"href":"https:\/\/m25laval.com\/fr\/wp-json\/wp\/v2\/media?parent=1301"}],"curies":[{"name":"wp","href":"https:\/\/api.w.org\/{rel}","templated":true}]}}