{"id":877,"date":"2023-03-03T10:23:01","date_gmt":"2023-03-03T15:23:01","guid":{"rendered":"https:\/\/m25laval.com\/?page_id=877"},"modified":"2026-02-16T21:16:34","modified_gmt":"2026-02-17T02:16:34","slug":"un-evenement-pour-la-famille","status":"publish","type":"page","link":"https:\/\/m25laval.com\/en\/un-evenement-pour-la-famille\/","title":{"rendered":"(Fran\u00e7ais) Un \u00e9v\u00e9nement pour la famille"},"content":{"rendered":"<p class=\"qtranxs-available-languages-message qtranxs-available-languages-message-en\">Sorry, this entry is only available in <a href=\"https:\/\/m25laval.com\/fr\/wp-json\/wp\/v2\/pages\/877\" class=\"qtranxs-available-language-link qtranxs-available-language-link-fr\" title=\"Fran\u00e7ais\">French<\/a>.<\/p>","protected":false},"excerpt":{"rendered":"","protected":false},"author":5,"featured_media":0,"parent":0,"menu_order":0,"comment_status":"closed","ping_status":"closed","template":"","meta":{"om_disable_all_campaigns":false,"_monsterinsights_skip_tracking":false,"_monsterinsights_sitenote_active":false,"_monsterinsights_sitenote_note":"","_monsterinsights_sitenote_category":0,"_uf_show_specific_survey":0,"_uf_disable_surveys":false},"aioseo_notices":[],"_links":{"self":[{"href":"https:\/\/m25laval.com\/en\/wp-json\/wp\/v2\/pages\/877"}],"collection":[{"href":"https:\/\/m25laval.com\/en\/wp-json\/wp\/v2\/pages"}],"about":[{"href":"https:\/\/m25laval.com\/en\/wp-json\/wp\/v2\/types\/page"}],"author":[{"embeddable":true,"href":"https:\/\/m25laval.com\/en\/wp-json\/wp\/v2\/users\/5"}],"replies":[{"embeddable":true,"href":"https:\/\/m25laval.com\/en\/wp-json\/wp\/v2\/comments?post=877"}],"version-history":[{"count":21,"href":"https:\/\/m25laval.com\/en\/wp-json\/wp\/v2\/pages\/877\/revisions"}],"predecessor-version":[{"id":1922,"href":"https:\/\/m25laval.com\/en\/wp-json\/wp\/v2\/pages\/877\/revisions\/1922"}],"wp:attachment":[{"href":"https:\/\/m25laval.com\/en\/wp-json\/wp\/v2\/media?parent=877"}],"curies":[{"name":"wp","href":"https:\/\/api.w.org\/{rel}","templated":true}]}}