{"id":829,"date":"2023-02-15T21:23:19","date_gmt":"2023-02-16T02:23:19","guid":{"rendered":"https:\/\/m25laval.com\/?page_id=829"},"modified":"2025-12-31T15:07:59","modified_gmt":"2025-12-31T20:07:59","slug":"benevolat","status":"publish","type":"page","link":"https:\/\/m25laval.com\/en\/benevolat\/","title":{"rendered":"(Fran\u00e7ais) B\u00e9n\u00e9volat"},"content":{"rendered":"<p class=\"qtranxs-available-languages-message qtranxs-available-languages-message-en\">Sorry, this entry is only available in <a href=\"https:\/\/m25laval.com\/fr\/wp-json\/wp\/v2\/pages\/829\" class=\"qtranxs-available-language-link qtranxs-available-language-link-fr\" title=\"Fran\u00e7ais\">French<\/a>.<\/p>","protected":false},"excerpt":{"rendered":"<p>Sorry, this entry is only available in French.<\/p>\n","protected":false},"author":1,"featured_media":0,"parent":0,"menu_order":0,"comment_status":"closed","ping_status":"closed","template":"","meta":{"om_disable_all_campaigns":false,"_monsterinsights_skip_tracking":false,"_monsterinsights_sitenote_active":false,"_monsterinsights_sitenote_note":"","_monsterinsights_sitenote_category":0,"_uf_show_specific_survey":0,"_uf_disable_surveys":false},"aioseo_notices":[],"_links":{"self":[{"href":"https:\/\/m25laval.com\/en\/wp-json\/wp\/v2\/pages\/829"}],"collection":[{"href":"https:\/\/m25laval.com\/en\/wp-json\/wp\/v2\/pages"}],"about":[{"href":"https:\/\/m25laval.com\/en\/wp-json\/wp\/v2\/types\/page"}],"author":[{"embeddable":true,"href":"https:\/\/m25laval.com\/en\/wp-json\/wp\/v2\/users\/1"}],"replies":[{"embeddable":true,"href":"https:\/\/m25laval.com\/en\/wp-json\/wp\/v2\/comments?post=829"}],"version-history":[{"count":29,"href":"https:\/\/m25laval.com\/en\/wp-json\/wp\/v2\/pages\/829\/revisions"}],"predecessor-version":[{"id":1910,"href":"https:\/\/m25laval.com\/en\/wp-json\/wp\/v2\/pages\/829\/revisions\/1910"}],"wp:attachment":[{"href":"https:\/\/m25laval.com\/en\/wp-json\/wp\/v2\/media?parent=829"}],"curies":[{"name":"wp","href":"https:\/\/api.w.org\/{rel}","templated":true}]}}